{"id":15115,"date":"2020-09-08T04:43:26","date_gmt":"2020-09-08T04:43:26","guid":{"rendered":"https:\/\/wpbingosite.com\/wordpress\/ruper\/?page_id=15115"},"modified":"2025-05-21T11:22:33","modified_gmt":"2025-05-21T09:22:33","slug":"contact","status":"publish","type":"page","link":"https:\/\/www.rajjerbox.fr\/index.php\/contact\/","title":{"rendered":"Contact"},"content":{"rendered":"\t\t<div data-elementor-type=\"wp-page\" data-elementor-id=\"15115\" class=\"elementor elementor-15115\">\n\t\t\t\t\t\t<section class=\"elementor-section elementor-top-section elementor-element elementor-element-7633827 elementor-section-boxed elementor-section-height-default elementor-section-height-default\" data-id=\"7633827\" data-element_type=\"section\" data-e-type=\"section\">\n\t\t\t\t\t\t<div class=\"elementor-container elementor-column-gap-default\">\n\t\t\t\t\t<div class=\"elementor-column elementor-col-100 elementor-top-column elementor-element elementor-element-379e5c0\" data-id=\"379e5c0\" data-element_type=\"column\" data-e-type=\"column\">\n\t\t\t<div class=\"elementor-widget-wrap elementor-element-populated\">\n\t\t\t\t\t\t<div class=\"elementor-element elementor-element-6e17bc5 elementor-widget elementor-widget-heading\" data-id=\"6e17bc5\" data-element_type=\"widget\" data-e-type=\"widget\" data-widget_type=\"heading.default\">\n\t\t\t\t<div class=\"elementor-widget-container\">\n\t\t\t\t\t<h1 class=\"elementor-heading-title elementor-size-default\">Coordonn\u00e9es Rajjerbox<\/h1>\t\t\t\t<\/div>\n\t\t\t\t<\/div>\n\t\t\t\t\t<\/div>\n\t\t<\/div>\n\t\t\t\t\t<\/div>\n\t\t<\/section>\n\t\t\t\t<section class=\"elementor-section elementor-top-section elementor-element elementor-element-06ea968 elementor-section-boxed elementor-section-height-default elementor-section-height-default\" data-id=\"06ea968\" data-element_type=\"section\" data-e-type=\"section\">\n\t\t\t\t\t\t<div class=\"elementor-container elementor-column-gap-default\">\n\t\t\t\t\t<div class=\"elementor-column elementor-col-100 elementor-top-column elementor-element elementor-element-3f10b22\" data-id=\"3f10b22\" data-element_type=\"column\" data-e-type=\"column\">\n\t\t\t<div class=\"elementor-widget-wrap elementor-element-populated\">\n\t\t\t\t\t\t<div class=\"elementor-element elementor-element-1b1af7c elementor-widget elementor-widget-text-editor\" data-id=\"1b1af7c\" data-element_type=\"widget\" data-e-type=\"widget\" data-widget_type=\"text-editor.default\">\n\t\t\t\t<div class=\"elementor-widget-container\">\n\t\t\t\t\t\t\t\t\t<p>Pour voir nos produits, vous pouvez nous joindre pour prendre RDV ou\u00a0<br \/>retrouvez actuellement notre <strong>showroom au 146 rue de la R\u00e9publique \u00e0 Cavaillon (84300)<\/strong><\/p>\t\t\t\t\t\t\t\t<\/div>\n\t\t\t\t<\/div>\n\t\t\t\t<div class=\"elementor-element elementor-element-2f43402 elementor-widget elementor-widget-bwp_google_maps\" data-id=\"2f43402\" data-element_type=\"widget\" data-e-type=\"widget\" data-widget_type=\"bwp_google_maps.default\">\n\t\t\t\t<div class=\"elementor-widget-container\">\n\t\t\t\t\t<div class=\"elementor-custom-embed\"><iframe src=\"https:\/\/maps.google.com\/maps?q=146%20rue%20de%20la%20r%C3%A9publique%2C%2084300%20cavaillon&amp;t=m&amp;z=8&amp;output=embed&amp;iwloc=near\" aria-label=\"146 rue de la r\u00e9publique, 84300 cavaillon\"><\/iframe><\/div>\t\t\t\t<\/div>\n\t\t\t\t<\/div>\n\t\t\t\t\t<\/div>\n\t\t<\/div>\n\t\t\t\t\t<\/div>\n\t\t<\/section>\n\t\t\t\t<section class=\"elementor-section elementor-top-section elementor-element elementor-element-bca25b4 elementor-section-boxed elementor-section-height-default elementor-section-height-default\" data-id=\"bca25b4\" data-element_type=\"section\" data-e-type=\"section\">\n\t\t\t\t\t\t<div class=\"elementor-container elementor-column-gap-default\">\n\t\t\t\t\t<div class=\"elementor-column elementor-col-100 elementor-top-column elementor-element elementor-element-71caf9f\" data-id=\"71caf9f\" data-element_type=\"column\" data-e-type=\"column\">\n\t\t\t<div class=\"elementor-widget-wrap elementor-element-populated\">\n\t\t\t\t\t\t<section class=\"elementor-section elementor-inner-section elementor-element elementor-element-ffa52e6 elementor-section-boxed elementor-section-height-default elementor-section-height-default\" data-id=\"ffa52e6\" data-element_type=\"section\" data-e-type=\"section\">\n\t\t\t\t\t\t<div class=\"elementor-container elementor-column-gap-default\">\n\t\t\t\t\t<div class=\"elementor-column elementor-col-100 elementor-inner-column elementor-element elementor-element-b765f27\" data-id=\"b765f27\" data-element_type=\"column\" data-e-type=\"column\">\n\t\t\t<div class=\"elementor-widget-wrap elementor-element-populated\">\n\t\t\t\t\t\t<div class=\"elementor-element elementor-element-f9a08a0 elementor-widget elementor-widget-heading\" data-id=\"f9a08a0\" data-element_type=\"widget\" data-e-type=\"widget\" data-widget_type=\"heading.default\">\n\t\t\t\t<div class=\"elementor-widget-container\">\n\t\t\t\t\t<h2 class=\"elementor-heading-title elementor-size-default\">Contactez-nous<\/h2>\t\t\t\t<\/div>\n\t\t\t\t<\/div>\n\t\t\t\t\t<\/div>\n\t\t<\/div>\n\t\t\t\t\t<\/div>\n\t\t<\/section>\n\t\t\t\t<section class=\"elementor-section elementor-inner-section elementor-element elementor-element-ba17061 elementor-section-boxed elementor-section-height-default elementor-section-height-default\" data-id=\"ba17061\" data-element_type=\"section\" data-e-type=\"section\">\n\t\t\t\t\t\t<div class=\"elementor-container elementor-column-gap-default\">\n\t\t\t\t\t<div class=\"elementor-column elementor-col-33 elementor-inner-column elementor-element elementor-element-b6c3e5e\" data-id=\"b6c3e5e\" data-element_type=\"column\" data-e-type=\"column\">\n\t\t\t<div class=\"elementor-widget-wrap elementor-element-populated\">\n\t\t\t\t\t\t<div class=\"elementor-element elementor-element-8bb3eb0 elementor-widget elementor-widget-heading\" data-id=\"8bb3eb0\" data-element_type=\"widget\" data-e-type=\"widget\" data-widget_type=\"heading.default\">\n\t\t\t\t<div class=\"elementor-widget-container\">\n\t\t\t\t\t<h2 class=\"elementor-heading-title elementor-size-default\">t\u00e9l\u00e9phone<\/h2>\t\t\t\t<\/div>\n\t\t\t\t<\/div>\n\t\t\t\t<div class=\"elementor-element elementor-element-74545ef elementor-widget elementor-widget-text-editor\" data-id=\"74545ef\" data-element_type=\"widget\" data-e-type=\"widget\" data-widget_type=\"text-editor.default\">\n\t\t\t\t<div class=\"elementor-widget-container\">\n\t\t\t\t\t\t\t\t\t<p>Ligne directe M. Bezombes :<br \/><span style=\"color: var( --e-global-color-text ); font-family: var( --e-global-typography-text-font-family ), Sans-serif; font-weight: var( --e-global-typography-text-font-weight ); font-size: 1rem;\">06 23 62 03 06<\/span><\/p>\t\t\t\t\t\t\t\t<\/div>\n\t\t\t\t<\/div>\n\t\t\t\t\t<\/div>\n\t\t<\/div>\n\t\t\t\t<div class=\"elementor-column elementor-col-33 elementor-inner-column elementor-element elementor-element-1ddc8fa\" data-id=\"1ddc8fa\" data-element_type=\"column\" data-e-type=\"column\">\n\t\t\t<div class=\"elementor-widget-wrap elementor-element-populated\">\n\t\t\t\t\t\t<div class=\"elementor-element elementor-element-2389e7b elementor-widget elementor-widget-heading\" data-id=\"2389e7b\" data-element_type=\"widget\" data-e-type=\"widget\" data-widget_type=\"heading.default\">\n\t\t\t\t<div class=\"elementor-widget-container\">\n\t\t\t\t\t<h2 class=\"elementor-heading-title elementor-size-default\">HORAIRE D'OUVERTURE<\/h2>\t\t\t\t<\/div>\n\t\t\t\t<\/div>\n\t\t\t\t<div class=\"elementor-element elementor-element-415d2fd elementor-widget elementor-widget-text-editor\" data-id=\"415d2fd\" data-element_type=\"widget\" data-e-type=\"widget\" data-widget_type=\"text-editor.default\">\n\t\t\t\t<div class=\"elementor-widget-container\">\n\t\t\t\t\t\t\t\t\t<p>Du lundi au vendredi<br \/>9h00\/12h00 &#8211; 14h\/18h<\/p><p>Ferm\u00e9 samedi et dimanche<\/p>\t\t\t\t\t\t\t\t<\/div>\n\t\t\t\t<\/div>\n\t\t\t\t\t<\/div>\n\t\t<\/div>\n\t\t\t\t<div class=\"elementor-column elementor-col-33 elementor-inner-column elementor-element elementor-element-8f4ed69\" data-id=\"8f4ed69\" data-element_type=\"column\" data-e-type=\"column\">\n\t\t\t<div class=\"elementor-widget-wrap elementor-element-populated\">\n\t\t\t\t\t\t<div class=\"elementor-element elementor-element-a9cd540 elementor-widget elementor-widget-heading\" data-id=\"a9cd540\" data-element_type=\"widget\" data-e-type=\"widget\" data-widget_type=\"heading.default\">\n\t\t\t\t<div class=\"elementor-widget-container\">\n\t\t\t\t\t<h2 class=\"elementor-heading-title elementor-size-default\">RETOUR ET QUESTIONS<\/h2>\t\t\t\t<\/div>\n\t\t\t\t<\/div>\n\t\t\t\t<div class=\"elementor-element elementor-element-470b8e1 list-style elementor-widget__width-initial elementor-widget elementor-widget-text-editor\" data-id=\"470b8e1\" data-element_type=\"widget\" data-e-type=\"widget\" data-widget_type=\"text-editor.default\">\n\t\t\t\t<div class=\"elementor-widget-container\">\n\t\t\t\t\t\t\t\t\t<p>Pour tout savoir sur nos conditions g\u00e9n\u00e9rales de vente, sur les retours ou les garanties rendez-vous sur notre <a href=\"https:\/\/www.rajjerbox.fr\/index.php\/cgv-particulier\/\">page CGV<\/a>.<\/p>\t\t\t\t\t\t\t\t<\/div>\n\t\t\t\t<\/div>\n\t\t\t\t\t<\/div>\n\t\t<\/div>\n\t\t\t\t\t<\/div>\n\t\t<\/section>\n\t\t\t\t\t<\/div>\n\t\t<\/div>\n\t\t\t\t\t<\/div>\n\t\t<\/section>\n\t\t\t\t<section class=\"elementor-section elementor-top-section elementor-element elementor-element-562f23f elementor-section-content-middle elementor-section-boxed elementor-section-height-default elementor-section-height-default\" data-id=\"562f23f\" data-element_type=\"section\" data-e-type=\"section\">\n\t\t\t\t\t\t<div class=\"elementor-container elementor-column-gap-default\">\n\t\t\t\t\t<div class=\"elementor-column elementor-col-50 elementor-top-column elementor-element elementor-element-1585264\" data-id=\"1585264\" data-element_type=\"column\" data-e-type=\"column\">\n\t\t\t<div class=\"elementor-widget-wrap elementor-element-populated\">\n\t\t\t\t\t\t<div class=\"elementor-element elementor-element-f166d52 elementor-widget elementor-widget-heading\" data-id=\"f166d52\" data-element_type=\"widget\" data-e-type=\"widget\" data-widget_type=\"heading.default\">\n\t\t\t\t<div class=\"elementor-widget-container\">\n\t\t\t\t\t<h2 class=\"elementor-heading-title elementor-size-default\">Formulaire de contact<\/h2>\t\t\t\t<\/div>\n\t\t\t\t<\/div>\n\t\t\t\t<div class=\"elementor-element elementor-element-13b7d08 elementor-widget elementor-widget-text-editor\" data-id=\"13b7d08\" data-element_type=\"widget\" data-e-type=\"widget\" data-widget_type=\"text-editor.default\">\n\t\t\t\t<div class=\"elementor-widget-container\">\n\t\t\t\t\t\t\t\t\t<h3>Ecrivez-nous !<\/h3><p>Vous souhaitez un devis personnalis\u00e9 ? <br \/>Vous souhaitez un produit sur-mesure ?<\/p><p>Que vous soyez <b>un professionnel<\/b> ou <b>un particulier<\/b>, envoyez-nous votre demande, nous serons ravi de pouvoir y r\u00e9pondre.<\/p>\t\t\t\t\t\t\t\t<\/div>\n\t\t\t\t<\/div>\n\t\t\t\t\t<\/div>\n\t\t<\/div>\n\t\t\t\t<div class=\"elementor-column elementor-col-50 elementor-top-column elementor-element elementor-element-2f4f0a7\" data-id=\"2f4f0a7\" data-element_type=\"column\" data-e-type=\"column\">\n\t\t\t<div class=\"elementor-widget-wrap elementor-element-populated\">\n\t\t\t\t\t\t<div class=\"elementor-element elementor-element-c9c75e2 elementor-widget elementor-widget-shortcode\" data-id=\"c9c75e2\" data-element_type=\"widget\" data-e-type=\"widget\" data-widget_type=\"shortcode.default\">\n\t\t\t\t<div class=\"elementor-widget-container\">\n\t\t\t\t\t\t\t<div class=\"elementor-shortcode\">\n<div class=\"wpcf7 no-js\" id=\"wpcf7-f21-o1\" lang=\"fr-FR\" dir=\"ltr\" data-wpcf7-id=\"21\">\n<div class=\"screen-reader-response\"><p role=\"status\" aria-live=\"polite\" aria-atomic=\"true\"><\/p> <ul><\/ul><\/div>\n<form action=\"\/index.php\/wp-json\/wp\/v2\/pages\/15115#wpcf7-f21-o1\" method=\"post\" class=\"wpcf7-form init\" aria-label=\"Formulaire de contact\" novalidate=\"novalidate\" data-status=\"init\">\n<fieldset class=\"hidden-fields-container\"><input type=\"hidden\" name=\"_wpcf7\" value=\"21\" \/><input type=\"hidden\" name=\"_wpcf7_version\" value=\"6.1.5\" \/><input type=\"hidden\" name=\"_wpcf7_locale\" value=\"fr_FR\" \/><input type=\"hidden\" name=\"_wpcf7_unit_tag\" value=\"wpcf7-f21-o1\" \/><input type=\"hidden\" name=\"_wpcf7_container_post\" value=\"0\" \/><input type=\"hidden\" name=\"_wpcf7_posted_data_hash\" value=\"\" \/>\n<\/fieldset>\n<p><label> Your name<br \/>\n<span class=\"wpcf7-form-control-wrap\" data-name=\"your-name\"><input size=\"40\" maxlength=\"400\" class=\"wpcf7-form-control wpcf7-text wpcf7-validates-as-required\" aria-required=\"true\" aria-invalid=\"false\" value=\"\" type=\"text\" name=\"your-name\" \/><\/span> <\/label>\n<\/p>\n<p><label> Your email<br \/>\n<span class=\"wpcf7-form-control-wrap\" data-name=\"your-email\"><input size=\"40\" maxlength=\"400\" class=\"wpcf7-form-control wpcf7-email wpcf7-validates-as-required wpcf7-text wpcf7-validates-as-email\" aria-required=\"true\" aria-invalid=\"false\" value=\"\" type=\"email\" name=\"your-email\" \/><\/span> <\/label>\n<\/p>\n<p><label> Subject<br \/>\n<span class=\"wpcf7-form-control-wrap\" data-name=\"your-subject\"><input size=\"40\" maxlength=\"400\" class=\"wpcf7-form-control wpcf7-text wpcf7-validates-as-required\" aria-required=\"true\" aria-invalid=\"false\" value=\"\" type=\"text\" name=\"your-subject\" \/><\/span> <\/label>\n<\/p>\n<p><label> Your message (optional)<br \/>\n<span class=\"wpcf7-form-control-wrap\" data-name=\"your-message\"><textarea cols=\"40\" rows=\"10\" maxlength=\"2000\" class=\"wpcf7-form-control wpcf7-textarea\" aria-invalid=\"false\" name=\"your-message\"><\/textarea><\/span> <\/label>\n<\/p>\n<p><input class=\"wpcf7-form-control wpcf7-submit has-spinner\" type=\"submit\" value=\"Submit\" \/>\n<\/p><div class=\"wpcf7-response-output\" aria-hidden=\"true\"><\/div>\n<\/form>\n<\/div>\n<\/div>\n\t\t\t\t\t\t<\/div>\n\t\t\t\t<\/div>\n\t\t\t\t\t<\/div>\n\t\t<\/div>\n\t\t\t\t\t<\/div>\n\t\t<\/section>\n\t\t\t\t<\/div>\n\t\t","protected":false},"excerpt":{"rendered":"<p>Coordonn\u00e9es Rajjerbox Pour voir nos produits, vous pouvez nous joindre pour prendre RDV ou\u00a0retrouvez actuellement notre showroom au 146 rue de la R\u00e9publique \u00e0 Cavaillon (84300) Contactez-nous t\u00e9l\u00e9phone Ligne directe M. Bezombes :06 23 62 03 06 HORAIRE D&#8217;OUVERTURE Du lundi au vendredi9h00\/12h00 &#8211; 14h\/18h Ferm\u00e9 samedi et dimanche RETOUR ET QUESTIONS Pour tout savoir [&hellip;]<\/p>\n","protected":false},"author":2,"featured_media":0,"parent":0,"menu_order":0,"comment_status":"closed","ping_status":"closed","template":"page-templates\/homepage.php","meta":{"footnotes":""},"class_list":["post-15115","page","type-page","status-publish","hentry"],"yoast_head":"<!-- This site is optimized with the Yoast SEO plugin v27.3 - https:\/\/yoast.com\/product\/yoast-seo-wordpress\/ -->\n<title>Coordonn\u00e9e Rajjerbox - \u00e9clairage ext\u00e9rieur<\/title>\n<meta name=\"description\" content=\"Contactez Rajjerbox | Trouver les coordonn\u00e9es de l&#039;entreprise Rajjerbox | Sp\u00e9cialiste de l&#039;\u00e9clairage d&#039;ext\u00e9rieur | \u00e9clairage de fa\u00e7ade\" \/>\n<meta name=\"robots\" content=\"index, follow, max-snippet:-1, max-image-preview:large, max-video-preview:-1\" \/>\n<link rel=\"canonical\" href=\"https:\/\/www.rajjerbox.fr\/index.php\/contact\/\" \/>\n<meta property=\"og:locale\" content=\"fr_FR\" \/>\n<meta property=\"og:type\" content=\"article\" \/>\n<meta property=\"og:title\" content=\"Coordonn\u00e9e Rajjerbox - \u00e9clairage ext\u00e9rieur\" \/>\n<meta property=\"og:description\" content=\"Contactez Rajjerbox | Trouver les coordonn\u00e9es de l&#039;entreprise Rajjerbox | Sp\u00e9cialiste de l&#039;\u00e9clairage d&#039;ext\u00e9rieur | \u00e9clairage de fa\u00e7ade\" \/>\n<meta property=\"og:url\" content=\"https:\/\/www.rajjerbox.fr\/index.php\/contact\/\" \/>\n<meta property=\"og:site_name\" content=\"Rajjerbox\" \/>\n<meta property=\"article:publisher\" content=\"https:\/\/www.facebook.com\/rajjerbox\/\" \/>\n<meta property=\"article:modified_time\" content=\"2025-05-21T09:22:33+00:00\" \/>\n<meta name=\"twitter:card\" content=\"summary_large_image\" \/>\n<meta name=\"twitter:label1\" content=\"Dur\u00e9e de lecture estim\u00e9e\" \/>\n\t<meta name=\"twitter:data1\" content=\"1 minute\" \/>\n<script type=\"application\/ld+json\" class=\"yoast-schema-graph\">{\"@context\":\"https:\\\/\\\/schema.org\",\"@graph\":[{\"@type\":\"WebPage\",\"@id\":\"https:\\\/\\\/www.rajjerbox.fr\\\/index.php\\\/contact\\\/\",\"url\":\"https:\\\/\\\/www.rajjerbox.fr\\\/index.php\\\/contact\\\/\",\"name\":\"Coordonn\u00e9e Rajjerbox - \u00e9clairage ext\u00e9rieur\",\"isPartOf\":{\"@id\":\"https:\\\/\\\/www.rajjerbox.fr\\\/#website\"},\"datePublished\":\"2020-09-08T04:43:26+00:00\",\"dateModified\":\"2025-05-21T09:22:33+00:00\",\"description\":\"Contactez Rajjerbox | Trouver les coordonn\u00e9es de l'entreprise Rajjerbox | Sp\u00e9cialiste de l'\u00e9clairage d'ext\u00e9rieur | \u00e9clairage de fa\u00e7ade\",\"breadcrumb\":{\"@id\":\"https:\\\/\\\/www.rajjerbox.fr\\\/index.php\\\/contact\\\/#breadcrumb\"},\"inLanguage\":\"fr-FR\",\"potentialAction\":[{\"@type\":\"ReadAction\",\"target\":[\"https:\\\/\\\/www.rajjerbox.fr\\\/index.php\\\/contact\\\/\"]}]},{\"@type\":\"BreadcrumbList\",\"@id\":\"https:\\\/\\\/www.rajjerbox.fr\\\/index.php\\\/contact\\\/#breadcrumb\",\"itemListElement\":[{\"@type\":\"ListItem\",\"position\":1,\"name\":\"Accueil\",\"item\":\"https:\\\/\\\/www.rajjerbox.fr\\\/\"},{\"@type\":\"ListItem\",\"position\":2,\"name\":\"Contact\"}]},{\"@type\":\"WebSite\",\"@id\":\"https:\\\/\\\/www.rajjerbox.fr\\\/#website\",\"url\":\"https:\\\/\\\/www.rajjerbox.fr\\\/\",\"name\":\"Rajjerbox\",\"description\":\"L&#039;\u00e9clairage de qualit\u00e9\",\"publisher\":{\"@id\":\"https:\\\/\\\/www.rajjerbox.fr\\\/#organization\"},\"potentialAction\":[{\"@type\":\"SearchAction\",\"target\":{\"@type\":\"EntryPoint\",\"urlTemplate\":\"https:\\\/\\\/www.rajjerbox.fr\\\/?s={search_term_string}\"},\"query-input\":{\"@type\":\"PropertyValueSpecification\",\"valueRequired\":true,\"valueName\":\"search_term_string\"}}],\"inLanguage\":\"fr-FR\"},{\"@type\":\"Organization\",\"@id\":\"https:\\\/\\\/www.rajjerbox.fr\\\/#organization\",\"name\":\"Rajjerbox\",\"url\":\"https:\\\/\\\/www.rajjerbox.fr\\\/\",\"logo\":{\"@type\":\"ImageObject\",\"inLanguage\":\"fr-FR\",\"@id\":\"https:\\\/\\\/www.rajjerbox.fr\\\/#\\\/schema\\\/logo\\\/image\\\/\",\"url\":\"https:\\\/\\\/www.rajjerbox.com\\\/wp-content\\\/uploads\\\/2021\\\/10\\\/Logo-rajjerbox-eclairage-02.png\",\"contentUrl\":\"https:\\\/\\\/www.rajjerbox.com\\\/wp-content\\\/uploads\\\/2021\\\/10\\\/Logo-rajjerbox-eclairage-02.png\",\"width\":592,\"height\":592,\"caption\":\"Rajjerbox\"},\"image\":{\"@id\":\"https:\\\/\\\/www.rajjerbox.fr\\\/#\\\/schema\\\/logo\\\/image\\\/\"},\"sameAs\":[\"https:\\\/\\\/www.facebook.com\\\/rajjerbox\\\/\",\"https:\\\/\\\/www.instagram.com\\\/rajjerbox\\\/?hl=fr\"]}]}<\/script>\n<!-- \/ Yoast SEO plugin. -->","yoast_head_json":{"title":"Coordonn\u00e9e Rajjerbox - \u00e9clairage ext\u00e9rieur","description":"Contactez Rajjerbox | Trouver les coordonn\u00e9es de l'entreprise Rajjerbox | Sp\u00e9cialiste de l'\u00e9clairage d'ext\u00e9rieur | \u00e9clairage de fa\u00e7ade","robots":{"index":"index","follow":"follow","max-snippet":"max-snippet:-1","max-image-preview":"max-image-preview:large","max-video-preview":"max-video-preview:-1"},"canonical":"https:\/\/www.rajjerbox.fr\/index.php\/contact\/","og_locale":"fr_FR","og_type":"article","og_title":"Coordonn\u00e9e Rajjerbox - \u00e9clairage ext\u00e9rieur","og_description":"Contactez Rajjerbox | Trouver les coordonn\u00e9es de l'entreprise Rajjerbox | Sp\u00e9cialiste de l'\u00e9clairage d'ext\u00e9rieur | \u00e9clairage de fa\u00e7ade","og_url":"https:\/\/www.rajjerbox.fr\/index.php\/contact\/","og_site_name":"Rajjerbox","article_publisher":"https:\/\/www.facebook.com\/rajjerbox\/","article_modified_time":"2025-05-21T09:22:33+00:00","twitter_card":"summary_large_image","twitter_misc":{"Dur\u00e9e de lecture estim\u00e9e":"1 minute"},"schema":{"@context":"https:\/\/schema.org","@graph":[{"@type":"WebPage","@id":"https:\/\/www.rajjerbox.fr\/index.php\/contact\/","url":"https:\/\/www.rajjerbox.fr\/index.php\/contact\/","name":"Coordonn\u00e9e Rajjerbox - \u00e9clairage ext\u00e9rieur","isPartOf":{"@id":"https:\/\/www.rajjerbox.fr\/#website"},"datePublished":"2020-09-08T04:43:26+00:00","dateModified":"2025-05-21T09:22:33+00:00","description":"Contactez Rajjerbox | Trouver les coordonn\u00e9es de l'entreprise Rajjerbox | Sp\u00e9cialiste de l'\u00e9clairage d'ext\u00e9rieur | \u00e9clairage de fa\u00e7ade","breadcrumb":{"@id":"https:\/\/www.rajjerbox.fr\/index.php\/contact\/#breadcrumb"},"inLanguage":"fr-FR","potentialAction":[{"@type":"ReadAction","target":["https:\/\/www.rajjerbox.fr\/index.php\/contact\/"]}]},{"@type":"BreadcrumbList","@id":"https:\/\/www.rajjerbox.fr\/index.php\/contact\/#breadcrumb","itemListElement":[{"@type":"ListItem","position":1,"name":"Accueil","item":"https:\/\/www.rajjerbox.fr\/"},{"@type":"ListItem","position":2,"name":"Contact"}]},{"@type":"WebSite","@id":"https:\/\/www.rajjerbox.fr\/#website","url":"https:\/\/www.rajjerbox.fr\/","name":"Rajjerbox","description":"L&#039;\u00e9clairage de qualit\u00e9","publisher":{"@id":"https:\/\/www.rajjerbox.fr\/#organization"},"potentialAction":[{"@type":"SearchAction","target":{"@type":"EntryPoint","urlTemplate":"https:\/\/www.rajjerbox.fr\/?s={search_term_string}"},"query-input":{"@type":"PropertyValueSpecification","valueRequired":true,"valueName":"search_term_string"}}],"inLanguage":"fr-FR"},{"@type":"Organization","@id":"https:\/\/www.rajjerbox.fr\/#organization","name":"Rajjerbox","url":"https:\/\/www.rajjerbox.fr\/","logo":{"@type":"ImageObject","inLanguage":"fr-FR","@id":"https:\/\/www.rajjerbox.fr\/#\/schema\/logo\/image\/","url":"https:\/\/www.rajjerbox.com\/wp-content\/uploads\/2021\/10\/Logo-rajjerbox-eclairage-02.png","contentUrl":"https:\/\/www.rajjerbox.com\/wp-content\/uploads\/2021\/10\/Logo-rajjerbox-eclairage-02.png","width":592,"height":592,"caption":"Rajjerbox"},"image":{"@id":"https:\/\/www.rajjerbox.fr\/#\/schema\/logo\/image\/"},"sameAs":["https:\/\/www.facebook.com\/rajjerbox\/","https:\/\/www.instagram.com\/rajjerbox\/?hl=fr"]}]}},"_links":{"self":[{"href":"https:\/\/www.rajjerbox.fr\/index.php\/wp-json\/wp\/v2\/pages\/15115","targetHints":{"allow":["GET"]}}],"collection":[{"href":"https:\/\/www.rajjerbox.fr\/index.php\/wp-json\/wp\/v2\/pages"}],"about":[{"href":"https:\/\/www.rajjerbox.fr\/index.php\/wp-json\/wp\/v2\/types\/page"}],"author":[{"embeddable":true,"href":"https:\/\/www.rajjerbox.fr\/index.php\/wp-json\/wp\/v2\/users\/2"}],"replies":[{"embeddable":true,"href":"https:\/\/www.rajjerbox.fr\/index.php\/wp-json\/wp\/v2\/comments?post=15115"}],"version-history":[{"count":34,"href":"https:\/\/www.rajjerbox.fr\/index.php\/wp-json\/wp\/v2\/pages\/15115\/revisions"}],"predecessor-version":[{"id":34487,"href":"https:\/\/www.rajjerbox.fr\/index.php\/wp-json\/wp\/v2\/pages\/15115\/revisions\/34487"}],"wp:attachment":[{"href":"https:\/\/www.rajjerbox.fr\/index.php\/wp-json\/wp\/v2\/media?parent=15115"}],"curies":[{"name":"wp","href":"https:\/\/api.w.org\/{rel}","templated":true}]}}