{"id":33697,"date":"2022-04-28T11:16:48","date_gmt":"2022-04-28T09:16:48","guid":{"rendered":"https:\/\/www.rajjerbox.fr\/?page_id=33697"},"modified":"2022-05-23T09:57:26","modified_gmt":"2022-05-23T07:57:26","slug":"mentions-legales","status":"publish","type":"page","link":"https:\/\/www.rajjerbox.fr\/index.php\/mentions-legales\/","title":{"rendered":"Mentions l\u00e9gales"},"content":{"rendered":"\t\t<div data-elementor-type=\"wp-page\" data-elementor-id=\"33697\" class=\"elementor elementor-33697\">\n\t\t\t\t\t\t<section class=\"elementor-section elementor-top-section elementor-element elementor-element-857c5eb elementor-section-boxed elementor-section-height-default elementor-section-height-default\" data-id=\"857c5eb\" data-element_type=\"section\" data-e-type=\"section\">\n\t\t\t\t\t\t<div class=\"elementor-container elementor-column-gap-default\">\n\t\t\t\t\t<div class=\"elementor-column elementor-col-100 elementor-top-column elementor-element elementor-element-579aec1\" data-id=\"579aec1\" data-element_type=\"column\" data-e-type=\"column\">\n\t\t\t<div class=\"elementor-widget-wrap elementor-element-populated\">\n\t\t\t\t\t\t<div class=\"elementor-element elementor-element-a2491e3 elementor-widget elementor-widget-text-editor\" data-id=\"a2491e3\" data-element_type=\"widget\" data-e-type=\"widget\" data-widget_type=\"text-editor.default\">\n\t\t\t\t<div class=\"elementor-widget-container\">\n\t\t\t\t\t\t\t\t\t<p><span>\u2022 Identification de la soci\u00e9t\u00e9 : Nom commercial Rajjerbox, repr\u00e9sent\u00e9e par M. B\u00e9zombes G\u00e9rald<\/span><\/p>\n<p>si\u00e8ge social :<br>83 avenue de LA CANEBIERE<br><span style=\"color: var( --e-global-color-text ); font-family: var( --e-global-typography-text-font-family ), Sans-serif; font-size: 1rem; font-weight: var( --e-global-typography-text-font-weight );\">13001 MARSEILLE<\/span><\/p>\n<p>N\u00b0SIRET : 493 113 690 00033<\/p>\n<p>RCS LYON<\/p>\n<p>Tel : 00 33 (0)6 23 62 03 06<\/p>\n<p>Fixe : 00 33 (0)4 90 94 92 58<\/p>\n<p>E-mail : rajjerbox@gmail.com<\/p>\n<p><span><b>Respect de la vie priv\u00e9e et des donn\u00e9es personnelles<\/b><\/span><\/p>\n<p><span><b>Droit d&#8217;acc\u00e8s et de modification des donn\u00e9es vous concernant<\/b><br>Vous disposez d&#8217;un droit d&#8217;acc\u00e8s, de modification, de rectification et de suppression des donn\u00e9es qui vous concernent (art.34 de la loi &#8220;Informatique et Libert\u00e9s&#8221; n\u00b0 78-17 du 16 janvier 1978). Pour l&#8217;exercer, adressez-vous \u00e0 :<br><\/span>RAJJERBOX<br><span style=\"color: var( --e-global-color-text ); font-family: var( --e-global-typography-text-font-family ), Sans-serif; font-size: 1rem; font-weight: var( --e-global-typography-text-font-weight );\">231 CHEMIN DELA GARDY<br><\/span><span style=\"color: var( --e-global-color-text ); font-family: var( --e-global-typography-text-font-family ), Sans-serif; font-size: 1rem; font-weight: var( --e-global-typography-text-font-weight );\">13630 EYRAGUES<\/span><span><br><\/span><\/p>\n<p><b>Utilisation des cookies<\/b><br><b>RAJJERBOX<\/b>&nbsp;peut \u00eatre amen\u00e9 \u00e0 utiliser le syst\u00e8me des &#8220;cookies&#8221;. Le cookie ne nous permet pas de vous identifier mais de mani\u00e8re g\u00e9n\u00e9rale de collecter des informations lors de votre passage sur notre site. Cela nous permettra de savoir quelles sont les parties de notre site qui vous int\u00e9ressent.<br>Ces &#8220;cookies&#8221; vous \u00e9viteront \u00e9galement de devoir fournir chaque fois des informations que vous nous avez d\u00e9j\u00e0 communiqu\u00e9es dans la mesure o\u00f9 ils se souviendront que vous nous avez communiqu\u00e9 ces informations \u00e0 une date ant\u00e9rieure.<br>Il vous est possible de d\u00e9tecter l&#8217;existence de ces &#8220;cookies&#8221; et, le cas \u00e9ch\u00e9ant, de les supprimer.<br>Il vous est possible de vous opposer \u00e0 l&#8217;enregistrement de cookies en d\u00e9sactivant cette fonction de votre navigateur dans les pr\u00e9f\u00e9rences de celui-ci.<\/p>\n<p><span><b>Respect des droits d&#8217;auteur<\/b><\/span><\/p>\n<p><span><b>Utilisation des informations du site et droits d&#8217;auteur<\/b><br>L&#8217;utilisation de tout document provenant du site&nbsp;<\/span><span style=\"font-weight: 700;\">RAJJERBOX<\/span><span>&nbsp;n&#8217;est autoris\u00e9e qu&#8217;\u00e0 titre d&#8217;information pour un usage priv\u00e9. Toute utilisation qui pourrait \u00eatre effectu\u00e9e \u00e0 d&#8217;autres fins est express\u00e9ment interdite.<br><\/span><span style=\"font-weight: 700;\">RAJJERBOX<\/span><span>&nbsp;s&#8217;efforce d&#8217;assurer au mieux de ses possibilit\u00e9s, l&#8217;exactitude et la mise \u00e0 jour des informations diffus\u00e9es sur ce site, dont elle se r\u00e9serve le droit de corriger, \u00e0 tout moment et sans pr\u00e9avis, le contenu.<br>Aussi, elle avertit le visiteur qu&#8217;il lui appartient de v\u00e9rifier l&#8217;information par d&#8217;autres moyens, y compris en contactant la soci\u00e9t\u00e9.<br>En cons\u00e9quence,&nbsp;<\/span><span style=\"font-weight: 700;\">RAJJERBOX<\/span><span>&nbsp;d\u00e9cline toute responsabilit\u00e9 : pour toute impr\u00e9cision, inexactitude ou omission portant sur des informations disponibles sur le site ; pour tous dommages r\u00e9sultant d&#8217;une intrusion frauduleuse d&#8217;un tiers ayant entra\u00een\u00e9 une modification des informations mises \u00e0 la disposition sur le site; et plus g\u00e9n\u00e9ralement pour tous dommages, directs ou indirects, qu&#8217;elles qu&#8217;en soient les causes, origines, nature ou cons\u00e9quences, provoqu\u00e9s \u00e0 raison de l&#8217;acc\u00e8s de quiconque au site ou de l&#8217;impossibilit\u00e9 d&#8217;y acc\u00e9der, de m\u00eame que l&#8217;utilisation du site et\/ou du cr\u00e9dit accord\u00e9 \u00e0 une quelconque information provenant directement ou indirectement de ce dernier.<br>Par ailleurs, sauf mention contraire, les droits de propri\u00e9t\u00e9 intellectuelle sur les documents contenus dans le site et chacun des \u00e9l\u00e9ments cr\u00e9\u00e9s pour ce site sont la propri\u00e9t\u00e9 exclusive de&nbsp;<\/span><span style=\"font-weight: 700;\">RAJJERBOX<\/span><span>&nbsp;ou de ses fournisseurs, ceux-ci ne conc\u00e9dant aucune licence, ni aucun droit que celui de consulter le site.<br>La reproduction de tous documents publi\u00e9s sur le site est seulement autoris\u00e9e aux fins exclusives d&#8217;informations pour un usage personnel et priv\u00e9, toute reproduction et toute utilisation de copies r\u00e9alis\u00e9es \u00e0 d&#8217;autres fins \u00e9tant express\u00e9ment interdite.<br>Toutes les marques cit\u00e9es dans ce site appartiennent \u00e0 leurs compagnies respectives.<br>Tous les produits, logos, et images cit\u00e9s dans les pages de ce site sont la propri\u00e9t\u00e9 de leur marque respective.<\/span><\/p>\n<p><span><b>Recommandations pour la visualisation<\/b><\/span><\/p>\n<p><span>Pour visualiser les pages de ce site de fa\u00e7on optimale, nous vous recommandons d&#8217;utiliser un navigateur web \u00e0 jour. Le site est optimis\u00e9 pour une r\u00e9solution d&#8217;\u00e9cran minimum de 1024&#215;768 pixels.<br><\/span><\/p>\n<p><span><b>Politique d&#8217;accessibilit\u00e9<\/b><\/span><\/p>\n<p><span>Les textes de contenu de ce site ont une taille de police relative, c&#8217;est \u00e0 dire agrandissable selon les besoins.<br>Pour modifier la taille d&#8217;affichage du texte :<\/span><\/p>\n<ul>\n<li><span>Avec divers navigateurs : Ctrl + molette de la souris<\/span><\/li>\n<li><span>Internet Explorer : allez dans Affichage \u00bb Taille du texte et choisissez.<\/span><\/li>\n<li><span>Mozilla, Firefox ou Netscape : faites Ctrl + + pour agrandir et Ctrl + &#8211; pour diminuer.<\/span><\/li>\n<li><span>Opera : appuyez sur les touches + ou &#8211; du pav\u00e9 num\u00e9rique. Ou bien allez dans Affichage \u00bb Zoom et choisir.<\/span><\/li>\n<\/ul>\t\t\t\t\t\t\t\t<\/div>\n\t\t\t\t<\/div>\n\t\t\t\t\t<\/div>\n\t\t<\/div>\n\t\t\t\t\t<\/div>\n\t\t<\/section>\n\t\t\t\t<\/div>\n\t\t","protected":false},"excerpt":{"rendered":"<p>\u2022 Identification de la soci\u00e9t\u00e9 : Nom commercial Rajjerbox, repr\u00e9sent\u00e9e par M. B\u00e9zombes G\u00e9rald si\u00e8ge social :83 avenue de LA CANEBIERE13001 MARSEILLE N\u00b0SIRET : 493 113 690 00033 RCS LYON Tel : 00 33 (0)6 23 62 03 06 Fixe : 00 33 (0)4 90 94 92 58 E-mail : rajjerbox@gmail.com Respect de la vie [&hellip;]<\/p>\n","protected":false},"author":1,"featured_media":0,"parent":0,"menu_order":0,"comment_status":"closed","ping_status":"closed","template":"","meta":{"footnotes":""},"class_list":["post-33697","page","type-page","status-publish","hentry"],"yoast_head":"<!-- This site is optimized with the Yoast SEO plugin v27.4 - https:\/\/yoast.com\/product\/yoast-seo-wordpress\/ -->\n<title>Mentions l\u00e9gales - Rajjerbox<\/title>\n<meta name=\"robots\" content=\"index, follow, max-snippet:-1, max-image-preview:large, max-video-preview:-1\" \/>\n<link rel=\"canonical\" href=\"https:\/\/www.rajjerbox.fr\/index.php\/mentions-legales\/\" \/>\n<meta property=\"og:locale\" content=\"fr_FR\" \/>\n<meta property=\"og:type\" content=\"article\" \/>\n<meta property=\"og:title\" content=\"Mentions l\u00e9gales - Rajjerbox\" \/>\n<meta property=\"og:description\" content=\"\u2022 Identification de la soci\u00e9t\u00e9 : Nom commercial Rajjerbox, repr\u00e9sent\u00e9e par M. B\u00e9zombes G\u00e9rald si\u00e8ge social :83 avenue de LA CANEBIERE13001 MARSEILLE N\u00b0SIRET : 493 113 690 00033 RCS LYON Tel : 00 33 (0)6 23 62 03 06 Fixe : 00 33 (0)4 90 94 92 58 E-mail : rajjerbox@gmail.com Respect de la vie [&hellip;]\" \/>\n<meta property=\"og:url\" content=\"https:\/\/www.rajjerbox.fr\/index.php\/mentions-legales\/\" \/>\n<meta property=\"og:site_name\" content=\"Rajjerbox\" \/>\n<meta property=\"article:publisher\" content=\"https:\/\/www.facebook.com\/rajjerbox\/\" \/>\n<meta property=\"article:modified_time\" content=\"2022-05-23T07:57:26+00:00\" \/>\n<meta name=\"twitter:card\" content=\"summary_large_image\" \/>\n<meta name=\"twitter:label1\" content=\"Dur\u00e9e de lecture estim\u00e9e\" \/>\n\t<meta name=\"twitter:data1\" content=\"3 minutes\" \/>\n<script type=\"application\/ld+json\" class=\"yoast-schema-graph\">{\"@context\":\"https:\\\/\\\/schema.org\",\"@graph\":[{\"@type\":\"WebPage\",\"@id\":\"https:\\\/\\\/www.rajjerbox.fr\\\/index.php\\\/mentions-legales\\\/\",\"url\":\"https:\\\/\\\/www.rajjerbox.fr\\\/index.php\\\/mentions-legales\\\/\",\"name\":\"Mentions l\u00e9gales - Rajjerbox\",\"isPartOf\":{\"@id\":\"https:\\\/\\\/www.rajjerbox.com\\\/#website\"},\"datePublished\":\"2022-04-28T09:16:48+00:00\",\"dateModified\":\"2022-05-23T07:57:26+00:00\",\"breadcrumb\":{\"@id\":\"https:\\\/\\\/www.rajjerbox.fr\\\/index.php\\\/mentions-legales\\\/#breadcrumb\"},\"inLanguage\":\"fr-FR\",\"potentialAction\":[{\"@type\":\"ReadAction\",\"target\":[\"https:\\\/\\\/www.rajjerbox.fr\\\/index.php\\\/mentions-legales\\\/\"]}]},{\"@type\":\"BreadcrumbList\",\"@id\":\"https:\\\/\\\/www.rajjerbox.fr\\\/index.php\\\/mentions-legales\\\/#breadcrumb\",\"itemListElement\":[{\"@type\":\"ListItem\",\"position\":1,\"name\":\"Accueil\",\"item\":\"https:\\\/\\\/www.rajjerbox.fr\\\/\"},{\"@type\":\"ListItem\",\"position\":2,\"name\":\"Mentions l\u00e9gales\"}]},{\"@type\":\"WebSite\",\"@id\":\"https:\\\/\\\/www.rajjerbox.com\\\/#website\",\"url\":\"https:\\\/\\\/www.rajjerbox.com\\\/\",\"name\":\"Rajjerbox\",\"description\":\"L&#039;\u00e9clairage de qualit\u00e9\",\"publisher\":{\"@id\":\"https:\\\/\\\/www.rajjerbox.com\\\/#organization\"},\"potentialAction\":[{\"@type\":\"SearchAction\",\"target\":{\"@type\":\"EntryPoint\",\"urlTemplate\":\"https:\\\/\\\/www.rajjerbox.com\\\/?s={search_term_string}\"},\"query-input\":{\"@type\":\"PropertyValueSpecification\",\"valueRequired\":true,\"valueName\":\"search_term_string\"}}],\"inLanguage\":\"fr-FR\"},{\"@type\":\"Organization\",\"@id\":\"https:\\\/\\\/www.rajjerbox.com\\\/#organization\",\"name\":\"Rajjerbox\",\"url\":\"https:\\\/\\\/www.rajjerbox.com\\\/\",\"logo\":{\"@type\":\"ImageObject\",\"inLanguage\":\"fr-FR\",\"@id\":\"https:\\\/\\\/www.rajjerbox.com\\\/#\\\/schema\\\/logo\\\/image\\\/\",\"url\":\"https:\\\/\\\/www.rajjerbox.com\\\/wp-content\\\/uploads\\\/2021\\\/10\\\/Logo-rajjerbox-eclairage-02.png\",\"contentUrl\":\"https:\\\/\\\/www.rajjerbox.com\\\/wp-content\\\/uploads\\\/2021\\\/10\\\/Logo-rajjerbox-eclairage-02.png\",\"width\":592,\"height\":592,\"caption\":\"Rajjerbox\"},\"image\":{\"@id\":\"https:\\\/\\\/www.rajjerbox.com\\\/#\\\/schema\\\/logo\\\/image\\\/\"},\"sameAs\":[\"https:\\\/\\\/www.facebook.com\\\/rajjerbox\\\/\",\"https:\\\/\\\/www.instagram.com\\\/rajjerbox\\\/?hl=fr\"]}]}<\/script>\n<!-- \/ Yoast SEO plugin. -->","yoast_head_json":{"title":"Mentions l\u00e9gales - Rajjerbox","robots":{"index":"index","follow":"follow","max-snippet":"max-snippet:-1","max-image-preview":"max-image-preview:large","max-video-preview":"max-video-preview:-1"},"canonical":"https:\/\/www.rajjerbox.fr\/index.php\/mentions-legales\/","og_locale":"fr_FR","og_type":"article","og_title":"Mentions l\u00e9gales - Rajjerbox","og_description":"\u2022 Identification de la soci\u00e9t\u00e9 : Nom commercial Rajjerbox, repr\u00e9sent\u00e9e par M. B\u00e9zombes G\u00e9rald si\u00e8ge social :83 avenue de LA CANEBIERE13001 MARSEILLE N\u00b0SIRET : 493 113 690 00033 RCS LYON Tel : 00 33 (0)6 23 62 03 06 Fixe : 00 33 (0)4 90 94 92 58 E-mail : rajjerbox@gmail.com Respect de la vie [&hellip;]","og_url":"https:\/\/www.rajjerbox.fr\/index.php\/mentions-legales\/","og_site_name":"Rajjerbox","article_publisher":"https:\/\/www.facebook.com\/rajjerbox\/","article_modified_time":"2022-05-23T07:57:26+00:00","twitter_card":"summary_large_image","twitter_misc":{"Dur\u00e9e de lecture estim\u00e9e":"3 minutes"},"schema":{"@context":"https:\/\/schema.org","@graph":[{"@type":"WebPage","@id":"https:\/\/www.rajjerbox.fr\/index.php\/mentions-legales\/","url":"https:\/\/www.rajjerbox.fr\/index.php\/mentions-legales\/","name":"Mentions l\u00e9gales - Rajjerbox","isPartOf":{"@id":"https:\/\/www.rajjerbox.com\/#website"},"datePublished":"2022-04-28T09:16:48+00:00","dateModified":"2022-05-23T07:57:26+00:00","breadcrumb":{"@id":"https:\/\/www.rajjerbox.fr\/index.php\/mentions-legales\/#breadcrumb"},"inLanguage":"fr-FR","potentialAction":[{"@type":"ReadAction","target":["https:\/\/www.rajjerbox.fr\/index.php\/mentions-legales\/"]}]},{"@type":"BreadcrumbList","@id":"https:\/\/www.rajjerbox.fr\/index.php\/mentions-legales\/#breadcrumb","itemListElement":[{"@type":"ListItem","position":1,"name":"Accueil","item":"https:\/\/www.rajjerbox.fr\/"},{"@type":"ListItem","position":2,"name":"Mentions l\u00e9gales"}]},{"@type":"WebSite","@id":"https:\/\/www.rajjerbox.com\/#website","url":"https:\/\/www.rajjerbox.com\/","name":"Rajjerbox","description":"L&#039;\u00e9clairage de qualit\u00e9","publisher":{"@id":"https:\/\/www.rajjerbox.com\/#organization"},"potentialAction":[{"@type":"SearchAction","target":{"@type":"EntryPoint","urlTemplate":"https:\/\/www.rajjerbox.com\/?s={search_term_string}"},"query-input":{"@type":"PropertyValueSpecification","valueRequired":true,"valueName":"search_term_string"}}],"inLanguage":"fr-FR"},{"@type":"Organization","@id":"https:\/\/www.rajjerbox.com\/#organization","name":"Rajjerbox","url":"https:\/\/www.rajjerbox.com\/","logo":{"@type":"ImageObject","inLanguage":"fr-FR","@id":"https:\/\/www.rajjerbox.com\/#\/schema\/logo\/image\/","url":"https:\/\/www.rajjerbox.com\/wp-content\/uploads\/2021\/10\/Logo-rajjerbox-eclairage-02.png","contentUrl":"https:\/\/www.rajjerbox.com\/wp-content\/uploads\/2021\/10\/Logo-rajjerbox-eclairage-02.png","width":592,"height":592,"caption":"Rajjerbox"},"image":{"@id":"https:\/\/www.rajjerbox.com\/#\/schema\/logo\/image\/"},"sameAs":["https:\/\/www.facebook.com\/rajjerbox\/","https:\/\/www.instagram.com\/rajjerbox\/?hl=fr"]}]}},"_links":{"self":[{"href":"https:\/\/www.rajjerbox.fr\/index.php\/wp-json\/wp\/v2\/pages\/33697","targetHints":{"allow":["GET"]}}],"collection":[{"href":"https:\/\/www.rajjerbox.fr\/index.php\/wp-json\/wp\/v2\/pages"}],"about":[{"href":"https:\/\/www.rajjerbox.fr\/index.php\/wp-json\/wp\/v2\/types\/page"}],"author":[{"embeddable":true,"href":"https:\/\/www.rajjerbox.fr\/index.php\/wp-json\/wp\/v2\/users\/1"}],"replies":[{"embeddable":true,"href":"https:\/\/www.rajjerbox.fr\/index.php\/wp-json\/wp\/v2\/comments?post=33697"}],"version-history":[{"count":16,"href":"https:\/\/www.rajjerbox.fr\/index.php\/wp-json\/wp\/v2\/pages\/33697\/revisions"}],"predecessor-version":[{"id":33962,"href":"https:\/\/www.rajjerbox.fr\/index.php\/wp-json\/wp\/v2\/pages\/33697\/revisions\/33962"}],"wp:attachment":[{"href":"https:\/\/www.rajjerbox.fr\/index.php\/wp-json\/wp\/v2\/media?parent=33697"}],"curies":[{"name":"wp","href":"https:\/\/api.w.org\/{rel}","templated":true}]}}