{"id":33642,"date":"2022-04-26T18:16:33","date_gmt":"2022-04-26T16:16:33","guid":{"rendered":"https:\/\/www.rajjerbox.fr\/?post_type=product&#038;p=33642"},"modified":"2023-01-24T10:01:19","modified_gmt":"2023-01-24T09:01:19","slug":"alug30010w","status":"publish","type":"product","link":"https:\/\/www.rajjerbox.fr\/index.php\/produit\/alug30010w\/","title":{"rendered":"AluG30010w"},"content":{"rendered":"<p class=\"p1\"><span class=\"s1\">Eclairage en aluminium pour goutti\u00e8re \u00e0 corniche G300.<\/span><\/p>\n<p class=\"p1\"><span class=\"s1\">Information lumi\u00e8re : puissance 10w ; IP 65 ; 220v ; 120\u00b0, finition spot noir. Garantie 5 ans.<\/span><\/p>\n<p>Le luminaire est discret surtout en choisissant la m\u00eame teinte que son support, le luminaire est plus long pour recevoir une cam\u00e9ra (comme indiqu\u00e9 sur la photo, cam\u00e9ra non fournie ) mod\u00e8le mixte ou recevoir un d\u00e9tecteur de pr\u00e9sence.<\/p>\n<p>Le syst\u00e8me permet d&#8217;\u00e9quiper une fa\u00e7ade sans percer de trous, m\u00eame avec des toits d\u00e9cal\u00e9s ou de faire le tour d&#8217;une maison pour les toits 4 pentes, mais aussi de changer de c\u00f4t\u00e9 en passant par les combles.<\/p>\n<p>&nbsp;<\/p>\n<p>Con\u00e7u et fabriqu\u00e9 en France.<\/p>\n<p>Concours L\u00e9pine 2019, m\u00e9daille d&#8217;or cat\u00e9gorie Industrie.<\/p>\n","protected":false},"excerpt":{"rendered":"<p><span class=\"s1\">Eclairage pour corniche G300, la mesure du dessous de la goutti\u00e8re est de 9cm. Compatible avec les mod\u00e8les de goutti\u00e8re corniche de Nicoll, ou ceux en zinc.<\/span><\/p>\n<p>Led 10 w blanc chaud. Garantie de 5 ans. La led est rempla\u00e7able. Le support en aluminium reste aussi longtemps que la goutti\u00e8re.<\/p>\n","protected":false},"featured_media":33645,"comment_status":"open","ping_status":"closed","template":"","meta":[],"product_brand":[],"product_cat":[189,170,191],"product_tag":[],"class_list":{"0":"post-33642","1":"product","2":"type-product","3":"status-publish","4":"has-post-thumbnail","6":"product_cat-aluminium","7":"product_cat-eclairage","8":"product_cat-gouttiere","11":"first","12":"instock","13":"shipping-taxable","14":"purchasable","15":"product-type-variable"},"yoast_head":"<!-- This site is optimized with the Yoast SEO plugin v27.4 - https:\/\/yoast.com\/product\/yoast-seo-wordpress\/ -->\n<title>Rajjerbox - \u00e9clairage ext\u00e9rieur sur goutti\u00e8re<\/title>\n<meta name=\"description\" content=\"Eclairage ext\u00e9rieur \u00e0 poser sur goutti\u00e8re | Eclairage facile \u00e0 poser | Eclairage innovant et de qualit\u00e9 |\u00a0Produit haut de gamme fabriqu\u00e9 en France,NICOLL\" \/>\n<meta name=\"robots\" content=\"index, follow, max-snippet:-1, max-image-preview:large, max-video-preview:-1\" \/>\n<link rel=\"canonical\" href=\"https:\/\/www.rajjerbox.fr\/index.php\/produit\/alug30010w\/\" \/>\n<meta property=\"og:locale\" content=\"fr_FR\" \/>\n<meta property=\"og:type\" content=\"article\" \/>\n<meta property=\"og:title\" content=\"Rajjerbox - \u00e9clairage ext\u00e9rieur sur goutti\u00e8re\" \/>\n<meta property=\"og:description\" content=\"Eclairage ext\u00e9rieur \u00e0 poser sur goutti\u00e8re | Eclairage facile \u00e0 poser | Eclairage innovant et de qualit\u00e9 |\u00a0Produit haut de gamme fabriqu\u00e9 en France,NICOLL\" \/>\n<meta property=\"og:url\" content=\"https:\/\/www.rajjerbox.fr\/index.php\/produit\/alug30010w\/\" \/>\n<meta property=\"og:site_name\" content=\"Rajjerbox\" \/>\n<meta property=\"article:publisher\" content=\"https:\/\/www.facebook.com\/rajjerbox\/\" \/>\n<meta property=\"article:modified_time\" content=\"2023-01-24T09:01:19+00:00\" \/>\n<meta property=\"og:image\" content=\"https:\/\/www.rajjerbox.fr\/wp-content\/uploads\/2022\/04\/AluG30010w-luminaire-exterieur-G300-10w-aluminium-rajjerbox.jpg\" \/>\n\t<meta property=\"og:image:width\" content=\"1000\" \/>\n\t<meta property=\"og:image:height\" content=\"1000\" \/>\n\t<meta property=\"og:image:type\" content=\"image\/jpeg\" \/>\n<meta name=\"twitter:card\" content=\"summary_large_image\" \/>\n<meta name=\"twitter:label1\" content=\"Dur\u00e9e de lecture estim\u00e9e\" \/>\n\t<meta name=\"twitter:data1\" content=\"1 minute\" \/>\n<script type=\"application\/ld+json\" class=\"yoast-schema-graph\">{\"@context\":\"https:\\\/\\\/schema.org\",\"@graph\":[{\"@type\":\"WebPage\",\"@id\":\"https:\\\/\\\/www.rajjerbox.fr\\\/index.php\\\/produit\\\/alug30010w\\\/\",\"url\":\"https:\\\/\\\/www.rajjerbox.fr\\\/index.php\\\/produit\\\/alug30010w\\\/\",\"name\":\"Rajjerbox - \u00e9clairage ext\u00e9rieur sur goutti\u00e8re\",\"isPartOf\":{\"@id\":\"https:\\\/\\\/www.rajjerbox.com\\\/#website\"},\"primaryImageOfPage\":{\"@id\":\"https:\\\/\\\/www.rajjerbox.fr\\\/index.php\\\/produit\\\/alug30010w\\\/#primaryimage\"},\"image\":{\"@id\":\"https:\\\/\\\/www.rajjerbox.fr\\\/index.php\\\/produit\\\/alug30010w\\\/#primaryimage\"},\"thumbnailUrl\":\"https:\\\/\\\/www.rajjerbox.fr\\\/wp-content\\\/uploads\\\/2022\\\/04\\\/AluG30010w-luminaire-exterieur-G300-10w-aluminium-rajjerbox.jpg\",\"datePublished\":\"2022-04-26T16:16:33+00:00\",\"dateModified\":\"2023-01-24T09:01:19+00:00\",\"description\":\"Eclairage ext\u00e9rieur \u00e0 poser sur goutti\u00e8re | Eclairage facile \u00e0 poser | Eclairage innovant et de qualit\u00e9 |\u00a0Produit haut de gamme fabriqu\u00e9 en France,NICOLL\",\"breadcrumb\":{\"@id\":\"https:\\\/\\\/www.rajjerbox.fr\\\/index.php\\\/produit\\\/alug30010w\\\/#breadcrumb\"},\"inLanguage\":\"fr-FR\",\"potentialAction\":[{\"@type\":\"ReadAction\",\"target\":[\"https:\\\/\\\/www.rajjerbox.fr\\\/index.php\\\/produit\\\/alug30010w\\\/\"]}]},{\"@type\":\"ImageObject\",\"inLanguage\":\"fr-FR\",\"@id\":\"https:\\\/\\\/www.rajjerbox.fr\\\/index.php\\\/produit\\\/alug30010w\\\/#primaryimage\",\"url\":\"https:\\\/\\\/www.rajjerbox.fr\\\/wp-content\\\/uploads\\\/2022\\\/04\\\/AluG30010w-luminaire-exterieur-G300-10w-aluminium-rajjerbox.jpg\",\"contentUrl\":\"https:\\\/\\\/www.rajjerbox.fr\\\/wp-content\\\/uploads\\\/2022\\\/04\\\/AluG30010w-luminaire-exterieur-G300-10w-aluminium-rajjerbox.jpg\",\"width\":1000,\"height\":1000},{\"@type\":\"BreadcrumbList\",\"@id\":\"https:\\\/\\\/www.rajjerbox.fr\\\/index.php\\\/produit\\\/alug30010w\\\/#breadcrumb\",\"itemListElement\":[{\"@type\":\"ListItem\",\"position\":1,\"name\":\"Accueil\",\"item\":\"https:\\\/\\\/www.rajjerbox.fr\\\/\"},{\"@type\":\"ListItem\",\"position\":2,\"name\":\"Boutique\",\"item\":\"https:\\\/\\\/www.rajjerbox.fr\\\/index.php\\\/boutique\\\/\"},{\"@type\":\"ListItem\",\"position\":3,\"name\":\"AluG30010w\"}]},{\"@type\":\"WebSite\",\"@id\":\"https:\\\/\\\/www.rajjerbox.com\\\/#website\",\"url\":\"https:\\\/\\\/www.rajjerbox.com\\\/\",\"name\":\"Rajjerbox\",\"description\":\"L&#039;\u00e9clairage de qualit\u00e9\",\"publisher\":{\"@id\":\"https:\\\/\\\/www.rajjerbox.com\\\/#organization\"},\"potentialAction\":[{\"@type\":\"SearchAction\",\"target\":{\"@type\":\"EntryPoint\",\"urlTemplate\":\"https:\\\/\\\/www.rajjerbox.com\\\/?s={search_term_string}\"},\"query-input\":{\"@type\":\"PropertyValueSpecification\",\"valueRequired\":true,\"valueName\":\"search_term_string\"}}],\"inLanguage\":\"fr-FR\"},{\"@type\":\"Organization\",\"@id\":\"https:\\\/\\\/www.rajjerbox.com\\\/#organization\",\"name\":\"Rajjerbox\",\"url\":\"https:\\\/\\\/www.rajjerbox.com\\\/\",\"logo\":{\"@type\":\"ImageObject\",\"inLanguage\":\"fr-FR\",\"@id\":\"https:\\\/\\\/www.rajjerbox.com\\\/#\\\/schema\\\/logo\\\/image\\\/\",\"url\":\"https:\\\/\\\/www.rajjerbox.com\\\/wp-content\\\/uploads\\\/2021\\\/10\\\/Logo-rajjerbox-eclairage-02.png\",\"contentUrl\":\"https:\\\/\\\/www.rajjerbox.com\\\/wp-content\\\/uploads\\\/2021\\\/10\\\/Logo-rajjerbox-eclairage-02.png\",\"width\":592,\"height\":592,\"caption\":\"Rajjerbox\"},\"image\":{\"@id\":\"https:\\\/\\\/www.rajjerbox.com\\\/#\\\/schema\\\/logo\\\/image\\\/\"},\"sameAs\":[\"https:\\\/\\\/www.facebook.com\\\/rajjerbox\\\/\",\"https:\\\/\\\/www.instagram.com\\\/rajjerbox\\\/?hl=fr\"]}]}<\/script>\n<!-- \/ Yoast SEO plugin. -->","yoast_head_json":{"title":"Rajjerbox - \u00e9clairage ext\u00e9rieur sur goutti\u00e8re","description":"Eclairage ext\u00e9rieur \u00e0 poser sur goutti\u00e8re | Eclairage facile \u00e0 poser | Eclairage innovant et de qualit\u00e9 |\u00a0Produit haut de gamme fabriqu\u00e9 en France,NICOLL","robots":{"index":"index","follow":"follow","max-snippet":"max-snippet:-1","max-image-preview":"max-image-preview:large","max-video-preview":"max-video-preview:-1"},"canonical":"https:\/\/www.rajjerbox.fr\/index.php\/produit\/alug30010w\/","og_locale":"fr_FR","og_type":"article","og_title":"Rajjerbox - \u00e9clairage ext\u00e9rieur sur goutti\u00e8re","og_description":"Eclairage ext\u00e9rieur \u00e0 poser sur goutti\u00e8re | Eclairage facile \u00e0 poser | Eclairage innovant et de qualit\u00e9 |\u00a0Produit haut de gamme fabriqu\u00e9 en France,NICOLL","og_url":"https:\/\/www.rajjerbox.fr\/index.php\/produit\/alug30010w\/","og_site_name":"Rajjerbox","article_publisher":"https:\/\/www.facebook.com\/rajjerbox\/","article_modified_time":"2023-01-24T09:01:19+00:00","og_image":[{"width":1000,"height":1000,"url":"https:\/\/www.rajjerbox.fr\/wp-content\/uploads\/2022\/04\/AluG30010w-luminaire-exterieur-G300-10w-aluminium-rajjerbox.jpg","type":"image\/jpeg"}],"twitter_card":"summary_large_image","twitter_misc":{"Dur\u00e9e de lecture estim\u00e9e":"1 minute"},"schema":{"@context":"https:\/\/schema.org","@graph":[{"@type":"WebPage","@id":"https:\/\/www.rajjerbox.fr\/index.php\/produit\/alug30010w\/","url":"https:\/\/www.rajjerbox.fr\/index.php\/produit\/alug30010w\/","name":"Rajjerbox - \u00e9clairage ext\u00e9rieur sur goutti\u00e8re","isPartOf":{"@id":"https:\/\/www.rajjerbox.com\/#website"},"primaryImageOfPage":{"@id":"https:\/\/www.rajjerbox.fr\/index.php\/produit\/alug30010w\/#primaryimage"},"image":{"@id":"https:\/\/www.rajjerbox.fr\/index.php\/produit\/alug30010w\/#primaryimage"},"thumbnailUrl":"https:\/\/www.rajjerbox.fr\/wp-content\/uploads\/2022\/04\/AluG30010w-luminaire-exterieur-G300-10w-aluminium-rajjerbox.jpg","datePublished":"2022-04-26T16:16:33+00:00","dateModified":"2023-01-24T09:01:19+00:00","description":"Eclairage ext\u00e9rieur \u00e0 poser sur goutti\u00e8re | Eclairage facile \u00e0 poser | Eclairage innovant et de qualit\u00e9 |\u00a0Produit haut de gamme fabriqu\u00e9 en France,NICOLL","breadcrumb":{"@id":"https:\/\/www.rajjerbox.fr\/index.php\/produit\/alug30010w\/#breadcrumb"},"inLanguage":"fr-FR","potentialAction":[{"@type":"ReadAction","target":["https:\/\/www.rajjerbox.fr\/index.php\/produit\/alug30010w\/"]}]},{"@type":"ImageObject","inLanguage":"fr-FR","@id":"https:\/\/www.rajjerbox.fr\/index.php\/produit\/alug30010w\/#primaryimage","url":"https:\/\/www.rajjerbox.fr\/wp-content\/uploads\/2022\/04\/AluG30010w-luminaire-exterieur-G300-10w-aluminium-rajjerbox.jpg","contentUrl":"https:\/\/www.rajjerbox.fr\/wp-content\/uploads\/2022\/04\/AluG30010w-luminaire-exterieur-G300-10w-aluminium-rajjerbox.jpg","width":1000,"height":1000},{"@type":"BreadcrumbList","@id":"https:\/\/www.rajjerbox.fr\/index.php\/produit\/alug30010w\/#breadcrumb","itemListElement":[{"@type":"ListItem","position":1,"name":"Accueil","item":"https:\/\/www.rajjerbox.fr\/"},{"@type":"ListItem","position":2,"name":"Boutique","item":"https:\/\/www.rajjerbox.fr\/index.php\/boutique\/"},{"@type":"ListItem","position":3,"name":"AluG30010w"}]},{"@type":"WebSite","@id":"https:\/\/www.rajjerbox.com\/#website","url":"https:\/\/www.rajjerbox.com\/","name":"Rajjerbox","description":"L&#039;\u00e9clairage de qualit\u00e9","publisher":{"@id":"https:\/\/www.rajjerbox.com\/#organization"},"potentialAction":[{"@type":"SearchAction","target":{"@type":"EntryPoint","urlTemplate":"https:\/\/www.rajjerbox.com\/?s={search_term_string}"},"query-input":{"@type":"PropertyValueSpecification","valueRequired":true,"valueName":"search_term_string"}}],"inLanguage":"fr-FR"},{"@type":"Organization","@id":"https:\/\/www.rajjerbox.com\/#organization","name":"Rajjerbox","url":"https:\/\/www.rajjerbox.com\/","logo":{"@type":"ImageObject","inLanguage":"fr-FR","@id":"https:\/\/www.rajjerbox.com\/#\/schema\/logo\/image\/","url":"https:\/\/www.rajjerbox.com\/wp-content\/uploads\/2021\/10\/Logo-rajjerbox-eclairage-02.png","contentUrl":"https:\/\/www.rajjerbox.com\/wp-content\/uploads\/2021\/10\/Logo-rajjerbox-eclairage-02.png","width":592,"height":592,"caption":"Rajjerbox"},"image":{"@id":"https:\/\/www.rajjerbox.com\/#\/schema\/logo\/image\/"},"sameAs":["https:\/\/www.facebook.com\/rajjerbox\/","https:\/\/www.instagram.com\/rajjerbox\/?hl=fr"]}]}},"_links":{"self":[{"href":"https:\/\/www.rajjerbox.fr\/index.php\/wp-json\/wp\/v2\/product\/33642","targetHints":{"allow":["GET"]}}],"collection":[{"href":"https:\/\/www.rajjerbox.fr\/index.php\/wp-json\/wp\/v2\/product"}],"about":[{"href":"https:\/\/www.rajjerbox.fr\/index.php\/wp-json\/wp\/v2\/types\/product"}],"replies":[{"embeddable":true,"href":"https:\/\/www.rajjerbox.fr\/index.php\/wp-json\/wp\/v2\/comments?post=33642"}],"wp:featuredmedia":[{"embeddable":true,"href":"https:\/\/www.rajjerbox.fr\/index.php\/wp-json\/wp\/v2\/media\/33645"}],"wp:attachment":[{"href":"https:\/\/www.rajjerbox.fr\/index.php\/wp-json\/wp\/v2\/media?parent=33642"}],"wp:term":[{"taxonomy":"product_brand","embeddable":true,"href":"https:\/\/www.rajjerbox.fr\/index.php\/wp-json\/wp\/v2\/product_brand?post=33642"},{"taxonomy":"product_cat","embeddable":true,"href":"https:\/\/www.rajjerbox.fr\/index.php\/wp-json\/wp\/v2\/product_cat?post=33642"},{"taxonomy":"product_tag","embeddable":true,"href":"https:\/\/www.rajjerbox.fr\/index.php\/wp-json\/wp\/v2\/product_tag?post=33642"}],"curies":[{"name":"wp","href":"https:\/\/api.w.org\/{rel}","templated":true}]}}