{"id":33665,"date":"2022-04-26T18:47:20","date_gmt":"2022-04-26T16:47:20","guid":{"rendered":"https:\/\/www.rajjerbox.fr\/?post_type=product&#038;p=33665"},"modified":"2025-09-26T00:05:04","modified_gmt":"2025-09-25T22:05:04","slug":"eclairage-exterieur-led-5","status":"publish","type":"product","link":"https:\/\/www.rajjerbox.fr\/index.php\/produit\/eclairage-exterieur-led-5\/","title":{"rendered":"ZINC33inox"},"content":{"rendered":"<p class=\"p1\"><span class=\"s1\">Eclairage ext\u00e9rieur \u00e0 poser sur goutti\u00e8re zinc en demi -ronde en 33<br \/>\n<\/span><\/p>\n<p class=\"p1\"><span class=\"s1\">Information lumi\u00e8re : Led 6w, 24v, couleur blanc chaud 3000K, angle 20\u00b0, platine en inox.<\/span><\/p>\n<p>Se clipse sous la goutti\u00e8re pr\u00e9sente sans per\u00e7age. Le c\u00e2blage passe le long de la goutti\u00e8re vers un autre luminaire, une source \u00e9lectrique dans les combles, ou par la descente de goutti\u00e8re jusqu&#8217;\u00e0 une prise, vide sanitaire&#8230; Peut \u00eatre command\u00e9 via un module radio Yokis ou similaire, interrupteur.<\/p>\n<p>En plus d&#8217;\u00eatre assembl\u00e9s \u00e0 la main, les produits sont cr\u00e9\u00e9s, modifi\u00e9s et\/ou patin\u00e9s manuellement. Ils peuvent donc parfois \u00eatre irr\u00e9guliers.<\/p>\n<p>Fabriqu\u00e9 en France<\/p>\n","protected":false},"excerpt":{"rendered":"<p><span class=\"s1\">Eclairage pour goutti\u00e8re zinc 33, spot IP 68 inox<br \/>\n<\/span><\/p>\n","protected":false},"featured_media":34066,"comment_status":"open","ping_status":"closed","template":"","meta":[],"product_brand":[181],"product_cat":[170,193,191,188],"product_tag":[],"class_list":{"0":"post-33665","1":"product","2":"type-product","3":"status-publish","4":"has-post-thumbnail","6":"product_brand-rajjerbox","7":"product_cat-eclairage","8":"product_cat-filaire","9":"product_cat-gouttiere","10":"product_cat-zinc","13":"first","14":"instock","15":"shipping-taxable","16":"purchasable","17":"product-type-simple"},"yoast_head":"<!-- This site is optimized with the Yoast SEO plugin v27.4 - https:\/\/yoast.com\/product\/yoast-seo-wordpress\/ -->\n<title>Eclairage ext\u00e9rieur LED<\/title>\n<meta name=\"description\" content=\"Eclairage ext\u00e9rieur \u00e0 LED | Eclairage \u00e9conomique | Luminaire facile \u00e0 poser | Eclairage haut de gamme | Eclairage pour goutti\u00e8re en zinc\" \/>\n<meta name=\"robots\" content=\"index, follow, max-snippet:-1, max-image-preview:large, max-video-preview:-1\" \/>\n<link rel=\"canonical\" href=\"https:\/\/www.rajjerbox.fr\/index.php\/produit\/eclairage-exterieur-led-5\/\" \/>\n<meta property=\"og:locale\" content=\"fr_FR\" \/>\n<meta property=\"og:type\" content=\"article\" \/>\n<meta property=\"og:title\" content=\"Eclairage ext\u00e9rieur LED\" \/>\n<meta property=\"og:description\" content=\"Eclairage ext\u00e9rieur \u00e0 LED | Eclairage \u00e9conomique | Luminaire facile \u00e0 poser | Eclairage haut de gamme | Eclairage pour goutti\u00e8re en zinc\" \/>\n<meta property=\"og:url\" content=\"https:\/\/www.rajjerbox.fr\/index.php\/produit\/eclairage-exterieur-led-5\/\" \/>\n<meta property=\"og:site_name\" content=\"Rajjerbox\" \/>\n<meta property=\"article:publisher\" content=\"https:\/\/www.facebook.com\/rajjerbox\/\" \/>\n<meta property=\"article:modified_time\" content=\"2025-09-25T22:05:04+00:00\" \/>\n<meta property=\"og:image\" content=\"https:\/\/www.rajjerbox.fr\/wp-content\/uploads\/2022\/04\/IMG_0119-rotated-e1656411502797.jpg\" \/>\n\t<meta property=\"og:image:width\" content=\"1000\" \/>\n\t<meta property=\"og:image:height\" content=\"1333\" \/>\n\t<meta property=\"og:image:type\" content=\"image\/jpeg\" \/>\n<meta name=\"twitter:card\" content=\"summary_large_image\" \/>\n<meta name=\"twitter:label1\" content=\"Dur\u00e9e de lecture estim\u00e9e\" \/>\n\t<meta name=\"twitter:data1\" content=\"1 minute\" \/>\n<script type=\"application\/ld+json\" class=\"yoast-schema-graph\">{\"@context\":\"https:\\\/\\\/schema.org\",\"@graph\":[{\"@type\":\"WebPage\",\"@id\":\"https:\\\/\\\/www.rajjerbox.fr\\\/index.php\\\/produit\\\/eclairage-exterieur-led-5\\\/\",\"url\":\"https:\\\/\\\/www.rajjerbox.fr\\\/index.php\\\/produit\\\/eclairage-exterieur-led-5\\\/\",\"name\":\"Eclairage ext\u00e9rieur LED\",\"isPartOf\":{\"@id\":\"https:\\\/\\\/www.rajjerbox.com\\\/#website\"},\"primaryImageOfPage\":{\"@id\":\"https:\\\/\\\/www.rajjerbox.fr\\\/index.php\\\/produit\\\/eclairage-exterieur-led-5\\\/#primaryimage\"},\"image\":{\"@id\":\"https:\\\/\\\/www.rajjerbox.fr\\\/index.php\\\/produit\\\/eclairage-exterieur-led-5\\\/#primaryimage\"},\"thumbnailUrl\":\"https:\\\/\\\/www.rajjerbox.fr\\\/wp-content\\\/uploads\\\/2022\\\/04\\\/IMG_0119-rotated-e1656411502797.jpg\",\"datePublished\":\"2022-04-26T16:47:20+00:00\",\"dateModified\":\"2025-09-25T22:05:04+00:00\",\"description\":\"Eclairage ext\u00e9rieur \u00e0 LED | Eclairage \u00e9conomique | Luminaire facile \u00e0 poser | Eclairage haut de gamme | Eclairage pour goutti\u00e8re en zinc\",\"breadcrumb\":{\"@id\":\"https:\\\/\\\/www.rajjerbox.fr\\\/index.php\\\/produit\\\/eclairage-exterieur-led-5\\\/#breadcrumb\"},\"inLanguage\":\"fr-FR\",\"potentialAction\":[{\"@type\":\"ReadAction\",\"target\":[\"https:\\\/\\\/www.rajjerbox.fr\\\/index.php\\\/produit\\\/eclairage-exterieur-led-5\\\/\"]}]},{\"@type\":\"ImageObject\",\"inLanguage\":\"fr-FR\",\"@id\":\"https:\\\/\\\/www.rajjerbox.fr\\\/index.php\\\/produit\\\/eclairage-exterieur-led-5\\\/#primaryimage\",\"url\":\"https:\\\/\\\/www.rajjerbox.fr\\\/wp-content\\\/uploads\\\/2022\\\/04\\\/IMG_0119-rotated-e1656411502797.jpg\",\"contentUrl\":\"https:\\\/\\\/www.rajjerbox.fr\\\/wp-content\\\/uploads\\\/2022\\\/04\\\/IMG_0119-rotated-e1656411502797.jpg\",\"width\":1000,\"height\":1333},{\"@type\":\"BreadcrumbList\",\"@id\":\"https:\\\/\\\/www.rajjerbox.fr\\\/index.php\\\/produit\\\/eclairage-exterieur-led-5\\\/#breadcrumb\",\"itemListElement\":[{\"@type\":\"ListItem\",\"position\":1,\"name\":\"Accueil\",\"item\":\"https:\\\/\\\/www.rajjerbox.fr\\\/\"},{\"@type\":\"ListItem\",\"position\":2,\"name\":\"Boutique\",\"item\":\"https:\\\/\\\/www.rajjerbox.fr\\\/index.php\\\/boutique\\\/\"},{\"@type\":\"ListItem\",\"position\":3,\"name\":\"ZINC33inox\"}]},{\"@type\":\"WebSite\",\"@id\":\"https:\\\/\\\/www.rajjerbox.com\\\/#website\",\"url\":\"https:\\\/\\\/www.rajjerbox.com\\\/\",\"name\":\"Rajjerbox\",\"description\":\"L&#039;\u00e9clairage de qualit\u00e9\",\"publisher\":{\"@id\":\"https:\\\/\\\/www.rajjerbox.com\\\/#organization\"},\"potentialAction\":[{\"@type\":\"SearchAction\",\"target\":{\"@type\":\"EntryPoint\",\"urlTemplate\":\"https:\\\/\\\/www.rajjerbox.com\\\/?s={search_term_string}\"},\"query-input\":{\"@type\":\"PropertyValueSpecification\",\"valueRequired\":true,\"valueName\":\"search_term_string\"}}],\"inLanguage\":\"fr-FR\"},{\"@type\":\"Organization\",\"@id\":\"https:\\\/\\\/www.rajjerbox.com\\\/#organization\",\"name\":\"Rajjerbox\",\"url\":\"https:\\\/\\\/www.rajjerbox.com\\\/\",\"logo\":{\"@type\":\"ImageObject\",\"inLanguage\":\"fr-FR\",\"@id\":\"https:\\\/\\\/www.rajjerbox.com\\\/#\\\/schema\\\/logo\\\/image\\\/\",\"url\":\"https:\\\/\\\/www.rajjerbox.com\\\/wp-content\\\/uploads\\\/2021\\\/10\\\/Logo-rajjerbox-eclairage-02.png\",\"contentUrl\":\"https:\\\/\\\/www.rajjerbox.com\\\/wp-content\\\/uploads\\\/2021\\\/10\\\/Logo-rajjerbox-eclairage-02.png\",\"width\":592,\"height\":592,\"caption\":\"Rajjerbox\"},\"image\":{\"@id\":\"https:\\\/\\\/www.rajjerbox.com\\\/#\\\/schema\\\/logo\\\/image\\\/\"},\"sameAs\":[\"https:\\\/\\\/www.facebook.com\\\/rajjerbox\\\/\",\"https:\\\/\\\/www.instagram.com\\\/rajjerbox\\\/?hl=fr\"]}]}<\/script>\n<!-- \/ Yoast SEO plugin. -->","yoast_head_json":{"title":"Eclairage ext\u00e9rieur LED","description":"Eclairage ext\u00e9rieur \u00e0 LED | Eclairage \u00e9conomique | Luminaire facile \u00e0 poser | Eclairage haut de gamme | Eclairage pour goutti\u00e8re en zinc","robots":{"index":"index","follow":"follow","max-snippet":"max-snippet:-1","max-image-preview":"max-image-preview:large","max-video-preview":"max-video-preview:-1"},"canonical":"https:\/\/www.rajjerbox.fr\/index.php\/produit\/eclairage-exterieur-led-5\/","og_locale":"fr_FR","og_type":"article","og_title":"Eclairage ext\u00e9rieur LED","og_description":"Eclairage ext\u00e9rieur \u00e0 LED | Eclairage \u00e9conomique | Luminaire facile \u00e0 poser | Eclairage haut de gamme | Eclairage pour goutti\u00e8re en zinc","og_url":"https:\/\/www.rajjerbox.fr\/index.php\/produit\/eclairage-exterieur-led-5\/","og_site_name":"Rajjerbox","article_publisher":"https:\/\/www.facebook.com\/rajjerbox\/","article_modified_time":"2025-09-25T22:05:04+00:00","og_image":[{"width":1000,"height":1333,"url":"https:\/\/www.rajjerbox.fr\/wp-content\/uploads\/2022\/04\/IMG_0119-rotated-e1656411502797.jpg","type":"image\/jpeg"}],"twitter_card":"summary_large_image","twitter_misc":{"Dur\u00e9e de lecture estim\u00e9e":"1 minute"},"schema":{"@context":"https:\/\/schema.org","@graph":[{"@type":"WebPage","@id":"https:\/\/www.rajjerbox.fr\/index.php\/produit\/eclairage-exterieur-led-5\/","url":"https:\/\/www.rajjerbox.fr\/index.php\/produit\/eclairage-exterieur-led-5\/","name":"Eclairage ext\u00e9rieur LED","isPartOf":{"@id":"https:\/\/www.rajjerbox.com\/#website"},"primaryImageOfPage":{"@id":"https:\/\/www.rajjerbox.fr\/index.php\/produit\/eclairage-exterieur-led-5\/#primaryimage"},"image":{"@id":"https:\/\/www.rajjerbox.fr\/index.php\/produit\/eclairage-exterieur-led-5\/#primaryimage"},"thumbnailUrl":"https:\/\/www.rajjerbox.fr\/wp-content\/uploads\/2022\/04\/IMG_0119-rotated-e1656411502797.jpg","datePublished":"2022-04-26T16:47:20+00:00","dateModified":"2025-09-25T22:05:04+00:00","description":"Eclairage ext\u00e9rieur \u00e0 LED | Eclairage \u00e9conomique | Luminaire facile \u00e0 poser | Eclairage haut de gamme | Eclairage pour goutti\u00e8re en zinc","breadcrumb":{"@id":"https:\/\/www.rajjerbox.fr\/index.php\/produit\/eclairage-exterieur-led-5\/#breadcrumb"},"inLanguage":"fr-FR","potentialAction":[{"@type":"ReadAction","target":["https:\/\/www.rajjerbox.fr\/index.php\/produit\/eclairage-exterieur-led-5\/"]}]},{"@type":"ImageObject","inLanguage":"fr-FR","@id":"https:\/\/www.rajjerbox.fr\/index.php\/produit\/eclairage-exterieur-led-5\/#primaryimage","url":"https:\/\/www.rajjerbox.fr\/wp-content\/uploads\/2022\/04\/IMG_0119-rotated-e1656411502797.jpg","contentUrl":"https:\/\/www.rajjerbox.fr\/wp-content\/uploads\/2022\/04\/IMG_0119-rotated-e1656411502797.jpg","width":1000,"height":1333},{"@type":"BreadcrumbList","@id":"https:\/\/www.rajjerbox.fr\/index.php\/produit\/eclairage-exterieur-led-5\/#breadcrumb","itemListElement":[{"@type":"ListItem","position":1,"name":"Accueil","item":"https:\/\/www.rajjerbox.fr\/"},{"@type":"ListItem","position":2,"name":"Boutique","item":"https:\/\/www.rajjerbox.fr\/index.php\/boutique\/"},{"@type":"ListItem","position":3,"name":"ZINC33inox"}]},{"@type":"WebSite","@id":"https:\/\/www.rajjerbox.com\/#website","url":"https:\/\/www.rajjerbox.com\/","name":"Rajjerbox","description":"L&#039;\u00e9clairage de qualit\u00e9","publisher":{"@id":"https:\/\/www.rajjerbox.com\/#organization"},"potentialAction":[{"@type":"SearchAction","target":{"@type":"EntryPoint","urlTemplate":"https:\/\/www.rajjerbox.com\/?s={search_term_string}"},"query-input":{"@type":"PropertyValueSpecification","valueRequired":true,"valueName":"search_term_string"}}],"inLanguage":"fr-FR"},{"@type":"Organization","@id":"https:\/\/www.rajjerbox.com\/#organization","name":"Rajjerbox","url":"https:\/\/www.rajjerbox.com\/","logo":{"@type":"ImageObject","inLanguage":"fr-FR","@id":"https:\/\/www.rajjerbox.com\/#\/schema\/logo\/image\/","url":"https:\/\/www.rajjerbox.com\/wp-content\/uploads\/2021\/10\/Logo-rajjerbox-eclairage-02.png","contentUrl":"https:\/\/www.rajjerbox.com\/wp-content\/uploads\/2021\/10\/Logo-rajjerbox-eclairage-02.png","width":592,"height":592,"caption":"Rajjerbox"},"image":{"@id":"https:\/\/www.rajjerbox.com\/#\/schema\/logo\/image\/"},"sameAs":["https:\/\/www.facebook.com\/rajjerbox\/","https:\/\/www.instagram.com\/rajjerbox\/?hl=fr"]}]}},"_links":{"self":[{"href":"https:\/\/www.rajjerbox.fr\/index.php\/wp-json\/wp\/v2\/product\/33665","targetHints":{"allow":["GET"]}}],"collection":[{"href":"https:\/\/www.rajjerbox.fr\/index.php\/wp-json\/wp\/v2\/product"}],"about":[{"href":"https:\/\/www.rajjerbox.fr\/index.php\/wp-json\/wp\/v2\/types\/product"}],"replies":[{"embeddable":true,"href":"https:\/\/www.rajjerbox.fr\/index.php\/wp-json\/wp\/v2\/comments?post=33665"}],"wp:featuredmedia":[{"embeddable":true,"href":"https:\/\/www.rajjerbox.fr\/index.php\/wp-json\/wp\/v2\/media\/34066"}],"wp:attachment":[{"href":"https:\/\/www.rajjerbox.fr\/index.php\/wp-json\/wp\/v2\/media?parent=33665"}],"wp:term":[{"taxonomy":"product_brand","embeddable":true,"href":"https:\/\/www.rajjerbox.fr\/index.php\/wp-json\/wp\/v2\/product_brand?post=33665"},{"taxonomy":"product_cat","embeddable":true,"href":"https:\/\/www.rajjerbox.fr\/index.php\/wp-json\/wp\/v2\/product_cat?post=33665"},{"taxonomy":"product_tag","embeddable":true,"href":"https:\/\/www.rajjerbox.fr\/index.php\/wp-json\/wp\/v2\/product_tag?post=33665"}],"curies":[{"name":"wp","href":"https:\/\/api.w.org\/{rel}","templated":true}]}}