{"id":34300,"date":"2023-01-19T11:38:39","date_gmt":"2023-01-19T10:38:39","guid":{"rendered":"https:\/\/www.rajjerbox.fr\/?post_type=product&#038;p=34300"},"modified":"2023-01-19T11:39:08","modified_gmt":"2023-01-19T10:39:08","slug":"aluminium-solaire-noir-5w","status":"publish","type":"product","link":"https:\/\/www.rajjerbox.fr\/index.php\/produit\/aluminium-solaire-noir-5w\/","title":{"rendered":"Aluminium solaire NOIR 5W"},"content":{"rendered":"<p>Eclairage solaire 5w, se clipse sans outillage, sous la goutti\u00e8re pour G 325 Gutterkel.<\/p>\n","protected":false},"excerpt":{"rendered":"<p>Eclairage solaire 5w, se clipse sans outillage, sous la goutti\u00e8re pour G 325 Gutterkel.<\/p>\n","protected":false},"featured_media":34218,"comment_status":"open","ping_status":"closed","template":"","meta":[],"product_brand":[181],"product_cat":[189,170,191,194],"product_tag":[],"class_list":{"0":"post-34300","1":"product","2":"type-product","3":"status-publish","4":"has-post-thumbnail","6":"product_brand-rajjerbox","7":"product_cat-aluminium","8":"product_cat-eclairage","9":"product_cat-gouttiere","10":"product_cat-solaire","13":"first","14":"instock","15":"shipping-taxable","16":"product-type-simple"},"yoast_head":"<!-- This site is optimized with the Yoast SEO plugin v27.4 - https:\/\/yoast.com\/product\/yoast-seo-wordpress\/ -->\n<title>Aluminium solaire NOIR 5W - Rajjerbox<\/title>\n<meta name=\"description\" content=\"Solaire \u00e9clairage, aluminium G325, ext\u00e9rieur, jardin ,montage facile, rapide ,efficace, design, goutti\u00e8re , thermolaqu\u00e9 , couleurs, r\u00e9sistant, qualit\u00e9\" \/>\n<meta name=\"robots\" content=\"index, follow, max-snippet:-1, max-image-preview:large, max-video-preview:-1\" \/>\n<link rel=\"canonical\" href=\"https:\/\/www.rajjerbox.fr\/index.php\/produit\/aluminium-solaire-noir-5w\/\" \/>\n<meta property=\"og:locale\" content=\"fr_FR\" \/>\n<meta property=\"og:type\" content=\"article\" \/>\n<meta property=\"og:title\" content=\"Aluminium solaire NOIR 5W - Rajjerbox\" \/>\n<meta property=\"og:description\" content=\"Solaire \u00e9clairage, aluminium G325, ext\u00e9rieur, jardin ,montage facile, rapide ,efficace, design, goutti\u00e8re , thermolaqu\u00e9 , couleurs, r\u00e9sistant, qualit\u00e9\" \/>\n<meta property=\"og:url\" content=\"https:\/\/www.rajjerbox.fr\/index.php\/produit\/aluminium-solaire-noir-5w\/\" \/>\n<meta property=\"og:site_name\" content=\"Rajjerbox\" \/>\n<meta property=\"article:publisher\" content=\"https:\/\/www.facebook.com\/rajjerbox\/\" \/>\n<meta property=\"article:modified_time\" content=\"2023-01-19T10:39:08+00:00\" \/>\n<meta property=\"og:image\" content=\"https:\/\/www.rajjerbox.fr\/wp-content\/uploads\/2023\/01\/IMG_5229.jpg\" \/>\n\t<meta property=\"og:image:width\" content=\"640\" \/>\n\t<meta property=\"og:image:height\" content=\"480\" \/>\n\t<meta property=\"og:image:type\" content=\"image\/jpeg\" \/>\n<meta name=\"twitter:card\" content=\"summary_large_image\" \/>\n<meta name=\"twitter:label1\" content=\"Dur\u00e9e de lecture estim\u00e9e\" \/>\n\t<meta name=\"twitter:data1\" content=\"1 minute\" \/>\n<script type=\"application\/ld+json\" class=\"yoast-schema-graph\">{\"@context\":\"https:\\\/\\\/schema.org\",\"@graph\":[{\"@type\":\"WebPage\",\"@id\":\"https:\\\/\\\/www.rajjerbox.fr\\\/index.php\\\/produit\\\/aluminium-solaire-noir-5w\\\/\",\"url\":\"https:\\\/\\\/www.rajjerbox.fr\\\/index.php\\\/produit\\\/aluminium-solaire-noir-5w\\\/\",\"name\":\"Aluminium solaire NOIR 5W - Rajjerbox\",\"isPartOf\":{\"@id\":\"https:\\\/\\\/www.rajjerbox.com\\\/#website\"},\"primaryImageOfPage\":{\"@id\":\"https:\\\/\\\/www.rajjerbox.fr\\\/index.php\\\/produit\\\/aluminium-solaire-noir-5w\\\/#primaryimage\"},\"image\":{\"@id\":\"https:\\\/\\\/www.rajjerbox.fr\\\/index.php\\\/produit\\\/aluminium-solaire-noir-5w\\\/#primaryimage\"},\"thumbnailUrl\":\"https:\\\/\\\/www.rajjerbox.fr\\\/wp-content\\\/uploads\\\/2023\\\/01\\\/IMG_5229.jpg\",\"datePublished\":\"2023-01-19T10:38:39+00:00\",\"dateModified\":\"2023-01-19T10:39:08+00:00\",\"description\":\"Solaire \u00e9clairage, aluminium G325, ext\u00e9rieur, jardin ,montage facile, rapide ,efficace, design, goutti\u00e8re , thermolaqu\u00e9 , couleurs, r\u00e9sistant, qualit\u00e9\",\"breadcrumb\":{\"@id\":\"https:\\\/\\\/www.rajjerbox.fr\\\/index.php\\\/produit\\\/aluminium-solaire-noir-5w\\\/#breadcrumb\"},\"inLanguage\":\"fr-FR\",\"potentialAction\":[{\"@type\":\"ReadAction\",\"target\":[\"https:\\\/\\\/www.rajjerbox.fr\\\/index.php\\\/produit\\\/aluminium-solaire-noir-5w\\\/\"]}]},{\"@type\":\"ImageObject\",\"inLanguage\":\"fr-FR\",\"@id\":\"https:\\\/\\\/www.rajjerbox.fr\\\/index.php\\\/produit\\\/aluminium-solaire-noir-5w\\\/#primaryimage\",\"url\":\"https:\\\/\\\/www.rajjerbox.fr\\\/wp-content\\\/uploads\\\/2023\\\/01\\\/IMG_5229.jpg\",\"contentUrl\":\"https:\\\/\\\/www.rajjerbox.fr\\\/wp-content\\\/uploads\\\/2023\\\/01\\\/IMG_5229.jpg\",\"width\":640,\"height\":480},{\"@type\":\"BreadcrumbList\",\"@id\":\"https:\\\/\\\/www.rajjerbox.fr\\\/index.php\\\/produit\\\/aluminium-solaire-noir-5w\\\/#breadcrumb\",\"itemListElement\":[{\"@type\":\"ListItem\",\"position\":1,\"name\":\"Accueil\",\"item\":\"https:\\\/\\\/www.rajjerbox.fr\\\/\"},{\"@type\":\"ListItem\",\"position\":2,\"name\":\"Boutique\",\"item\":\"https:\\\/\\\/www.rajjerbox.fr\\\/index.php\\\/boutique\\\/\"},{\"@type\":\"ListItem\",\"position\":3,\"name\":\"Aluminium solaire NOIR 5W\"}]},{\"@type\":\"WebSite\",\"@id\":\"https:\\\/\\\/www.rajjerbox.com\\\/#website\",\"url\":\"https:\\\/\\\/www.rajjerbox.com\\\/\",\"name\":\"Rajjerbox\",\"description\":\"L&#039;\u00e9clairage de qualit\u00e9\",\"publisher\":{\"@id\":\"https:\\\/\\\/www.rajjerbox.com\\\/#organization\"},\"potentialAction\":[{\"@type\":\"SearchAction\",\"target\":{\"@type\":\"EntryPoint\",\"urlTemplate\":\"https:\\\/\\\/www.rajjerbox.com\\\/?s={search_term_string}\"},\"query-input\":{\"@type\":\"PropertyValueSpecification\",\"valueRequired\":true,\"valueName\":\"search_term_string\"}}],\"inLanguage\":\"fr-FR\"},{\"@type\":\"Organization\",\"@id\":\"https:\\\/\\\/www.rajjerbox.com\\\/#organization\",\"name\":\"Rajjerbox\",\"url\":\"https:\\\/\\\/www.rajjerbox.com\\\/\",\"logo\":{\"@type\":\"ImageObject\",\"inLanguage\":\"fr-FR\",\"@id\":\"https:\\\/\\\/www.rajjerbox.com\\\/#\\\/schema\\\/logo\\\/image\\\/\",\"url\":\"https:\\\/\\\/www.rajjerbox.com\\\/wp-content\\\/uploads\\\/2021\\\/10\\\/Logo-rajjerbox-eclairage-02.png\",\"contentUrl\":\"https:\\\/\\\/www.rajjerbox.com\\\/wp-content\\\/uploads\\\/2021\\\/10\\\/Logo-rajjerbox-eclairage-02.png\",\"width\":592,\"height\":592,\"caption\":\"Rajjerbox\"},\"image\":{\"@id\":\"https:\\\/\\\/www.rajjerbox.com\\\/#\\\/schema\\\/logo\\\/image\\\/\"},\"sameAs\":[\"https:\\\/\\\/www.facebook.com\\\/rajjerbox\\\/\",\"https:\\\/\\\/www.instagram.com\\\/rajjerbox\\\/?hl=fr\"]}]}<\/script>\n<!-- \/ Yoast SEO plugin. -->","yoast_head_json":{"title":"Aluminium solaire NOIR 5W - Rajjerbox","description":"Solaire \u00e9clairage, aluminium G325, ext\u00e9rieur, jardin ,montage facile, rapide ,efficace, design, goutti\u00e8re , thermolaqu\u00e9 , couleurs, r\u00e9sistant, qualit\u00e9","robots":{"index":"index","follow":"follow","max-snippet":"max-snippet:-1","max-image-preview":"max-image-preview:large","max-video-preview":"max-video-preview:-1"},"canonical":"https:\/\/www.rajjerbox.fr\/index.php\/produit\/aluminium-solaire-noir-5w\/","og_locale":"fr_FR","og_type":"article","og_title":"Aluminium solaire NOIR 5W - Rajjerbox","og_description":"Solaire \u00e9clairage, aluminium G325, ext\u00e9rieur, jardin ,montage facile, rapide ,efficace, design, goutti\u00e8re , thermolaqu\u00e9 , couleurs, r\u00e9sistant, qualit\u00e9","og_url":"https:\/\/www.rajjerbox.fr\/index.php\/produit\/aluminium-solaire-noir-5w\/","og_site_name":"Rajjerbox","article_publisher":"https:\/\/www.facebook.com\/rajjerbox\/","article_modified_time":"2023-01-19T10:39:08+00:00","og_image":[{"width":640,"height":480,"url":"https:\/\/www.rajjerbox.fr\/wp-content\/uploads\/2023\/01\/IMG_5229.jpg","type":"image\/jpeg"}],"twitter_card":"summary_large_image","twitter_misc":{"Dur\u00e9e de lecture estim\u00e9e":"1 minute"},"schema":{"@context":"https:\/\/schema.org","@graph":[{"@type":"WebPage","@id":"https:\/\/www.rajjerbox.fr\/index.php\/produit\/aluminium-solaire-noir-5w\/","url":"https:\/\/www.rajjerbox.fr\/index.php\/produit\/aluminium-solaire-noir-5w\/","name":"Aluminium solaire NOIR 5W - Rajjerbox","isPartOf":{"@id":"https:\/\/www.rajjerbox.com\/#website"},"primaryImageOfPage":{"@id":"https:\/\/www.rajjerbox.fr\/index.php\/produit\/aluminium-solaire-noir-5w\/#primaryimage"},"image":{"@id":"https:\/\/www.rajjerbox.fr\/index.php\/produit\/aluminium-solaire-noir-5w\/#primaryimage"},"thumbnailUrl":"https:\/\/www.rajjerbox.fr\/wp-content\/uploads\/2023\/01\/IMG_5229.jpg","datePublished":"2023-01-19T10:38:39+00:00","dateModified":"2023-01-19T10:39:08+00:00","description":"Solaire \u00e9clairage, aluminium G325, ext\u00e9rieur, jardin ,montage facile, rapide ,efficace, design, goutti\u00e8re , thermolaqu\u00e9 , couleurs, r\u00e9sistant, qualit\u00e9","breadcrumb":{"@id":"https:\/\/www.rajjerbox.fr\/index.php\/produit\/aluminium-solaire-noir-5w\/#breadcrumb"},"inLanguage":"fr-FR","potentialAction":[{"@type":"ReadAction","target":["https:\/\/www.rajjerbox.fr\/index.php\/produit\/aluminium-solaire-noir-5w\/"]}]},{"@type":"ImageObject","inLanguage":"fr-FR","@id":"https:\/\/www.rajjerbox.fr\/index.php\/produit\/aluminium-solaire-noir-5w\/#primaryimage","url":"https:\/\/www.rajjerbox.fr\/wp-content\/uploads\/2023\/01\/IMG_5229.jpg","contentUrl":"https:\/\/www.rajjerbox.fr\/wp-content\/uploads\/2023\/01\/IMG_5229.jpg","width":640,"height":480},{"@type":"BreadcrumbList","@id":"https:\/\/www.rajjerbox.fr\/index.php\/produit\/aluminium-solaire-noir-5w\/#breadcrumb","itemListElement":[{"@type":"ListItem","position":1,"name":"Accueil","item":"https:\/\/www.rajjerbox.fr\/"},{"@type":"ListItem","position":2,"name":"Boutique","item":"https:\/\/www.rajjerbox.fr\/index.php\/boutique\/"},{"@type":"ListItem","position":3,"name":"Aluminium solaire NOIR 5W"}]},{"@type":"WebSite","@id":"https:\/\/www.rajjerbox.com\/#website","url":"https:\/\/www.rajjerbox.com\/","name":"Rajjerbox","description":"L&#039;\u00e9clairage de qualit\u00e9","publisher":{"@id":"https:\/\/www.rajjerbox.com\/#organization"},"potentialAction":[{"@type":"SearchAction","target":{"@type":"EntryPoint","urlTemplate":"https:\/\/www.rajjerbox.com\/?s={search_term_string}"},"query-input":{"@type":"PropertyValueSpecification","valueRequired":true,"valueName":"search_term_string"}}],"inLanguage":"fr-FR"},{"@type":"Organization","@id":"https:\/\/www.rajjerbox.com\/#organization","name":"Rajjerbox","url":"https:\/\/www.rajjerbox.com\/","logo":{"@type":"ImageObject","inLanguage":"fr-FR","@id":"https:\/\/www.rajjerbox.com\/#\/schema\/logo\/image\/","url":"https:\/\/www.rajjerbox.com\/wp-content\/uploads\/2021\/10\/Logo-rajjerbox-eclairage-02.png","contentUrl":"https:\/\/www.rajjerbox.com\/wp-content\/uploads\/2021\/10\/Logo-rajjerbox-eclairage-02.png","width":592,"height":592,"caption":"Rajjerbox"},"image":{"@id":"https:\/\/www.rajjerbox.com\/#\/schema\/logo\/image\/"},"sameAs":["https:\/\/www.facebook.com\/rajjerbox\/","https:\/\/www.instagram.com\/rajjerbox\/?hl=fr"]}]}},"_links":{"self":[{"href":"https:\/\/www.rajjerbox.fr\/index.php\/wp-json\/wp\/v2\/product\/34300","targetHints":{"allow":["GET"]}}],"collection":[{"href":"https:\/\/www.rajjerbox.fr\/index.php\/wp-json\/wp\/v2\/product"}],"about":[{"href":"https:\/\/www.rajjerbox.fr\/index.php\/wp-json\/wp\/v2\/types\/product"}],"replies":[{"embeddable":true,"href":"https:\/\/www.rajjerbox.fr\/index.php\/wp-json\/wp\/v2\/comments?post=34300"}],"wp:featuredmedia":[{"embeddable":true,"href":"https:\/\/www.rajjerbox.fr\/index.php\/wp-json\/wp\/v2\/media\/34218"}],"wp:attachment":[{"href":"https:\/\/www.rajjerbox.fr\/index.php\/wp-json\/wp\/v2\/media?parent=34300"}],"wp:term":[{"taxonomy":"product_brand","embeddable":true,"href":"https:\/\/www.rajjerbox.fr\/index.php\/wp-json\/wp\/v2\/product_brand?post=34300"},{"taxonomy":"product_cat","embeddable":true,"href":"https:\/\/www.rajjerbox.fr\/index.php\/wp-json\/wp\/v2\/product_cat?post=34300"},{"taxonomy":"product_tag","embeddable":true,"href":"https:\/\/www.rajjerbox.fr\/index.php\/wp-json\/wp\/v2\/product_tag?post=34300"}],"curies":[{"name":"wp","href":"https:\/\/api.w.org\/{rel}","templated":true}]}}