{"id":34305,"date":"2023-01-19T12:29:17","date_gmt":"2023-01-19T11:29:17","guid":{"rendered":"https:\/\/www.rajjerbox.fr\/?post_type=product&#038;p=34305"},"modified":"2025-09-25T23:47:01","modified_gmt":"2025-09-25T21:47:01","slug":"cuivre33inox","status":"publish","type":"product","link":"https:\/\/www.rajjerbox.fr\/index.php\/produit\/cuivre33inox\/","title":{"rendered":"Cuivre33inox"},"content":{"rendered":"<p>Luminaire en cuivre et inox IP 68 24volts 8w 3000 K blanc chaud 20\u00b0 architectural . Se clipse sous la goutti\u00e8re en 33. Le c\u00e2blage suit le long de la goutti\u00e8re jusqu&#8217;\u00e0 un autre luminaire ou l&#8217;interrupteur. Peut \u00eatre connect\u00e9 via l&#8217;application Yokis et donc command\u00e9 par smartphone, et sc\u00e9narios.<\/p>\n<p>Les pi\u00e8ces sont modifi\u00e9es \u00e0 la main et peuvent \u00eatre irr\u00e9guli\u00e8res.<\/p>\n<p>Fabriqu\u00e9 en France<\/p>\n","protected":false},"excerpt":{"rendered":"<p>Eclairage-goutti\u00e8re en cuivre et luminaire inox IP 68 24 volts 8w 20\u00b0 blanc chaud 3000k. Commandable par smartphone avec le module Yogis\/Wifi. Par le smartphone, un interrupteur (bouton poussoir ) on peut allumer ,\u00e9teindre ou faire des sc\u00e9narios. Simuler une pr\u00e9sence de n&#8217;importe o\u00f9. Le c\u00e2blage passe le long de la goutti\u00e8re, les connecteurs doivent \u00eatre \u00e9tanches. S\u00e9curise la propri\u00e9t\u00e9, vous accompagne.<\/p>\n","protected":false},"featured_media":34056,"comment_status":"open","ping_status":"closed","template":"","meta":[],"product_brand":[],"product_cat":[187,170,193,191],"product_tag":[],"class_list":{"0":"post-34305","1":"product","2":"type-product","3":"status-publish","4":"has-post-thumbnail","6":"product_cat-cuivre","7":"product_cat-eclairage","8":"product_cat-filaire","9":"product_cat-gouttiere","12":"first","13":"instock","14":"shipping-taxable","15":"purchasable","16":"product-type-simple"},"yoast_head":"<!-- This site is optimized with the Yoast SEO plugin v27.4 - https:\/\/yoast.com\/product\/yoast-seo-wordpress\/ -->\n<title>Cuivre33inox - Rajjerbox<\/title>\n<meta name=\"description\" content=\"Goutti\u00e8re cuivre, \u00e9clairage, accessoire, connect\u00e9, Yokis, smartphone, architectural, patrimoine, propri\u00e9t\u00e9, design, fa\u00e7ade, blanc chaud, 3000K, qualit\u00e9\" \/>\n<meta name=\"robots\" content=\"index, follow, max-snippet:-1, max-image-preview:large, max-video-preview:-1\" \/>\n<link rel=\"canonical\" href=\"https:\/\/www.rajjerbox.fr\/index.php\/produit\/cuivre33inox\/\" \/>\n<meta property=\"og:locale\" content=\"fr_FR\" \/>\n<meta property=\"og:type\" content=\"article\" \/>\n<meta property=\"og:title\" content=\"Cuivre33inox - Rajjerbox\" \/>\n<meta property=\"og:description\" content=\"Goutti\u00e8re cuivre, \u00e9clairage, accessoire, connect\u00e9, Yokis, smartphone, architectural, patrimoine, propri\u00e9t\u00e9, design, fa\u00e7ade, blanc chaud, 3000K, qualit\u00e9\" \/>\n<meta property=\"og:url\" content=\"https:\/\/www.rajjerbox.fr\/index.php\/produit\/cuivre33inox\/\" \/>\n<meta property=\"og:site_name\" content=\"Rajjerbox\" \/>\n<meta property=\"article:publisher\" content=\"https:\/\/www.facebook.com\/rajjerbox\/\" \/>\n<meta property=\"article:modified_time\" content=\"2025-09-25T21:47:01+00:00\" \/>\n<meta property=\"og:image\" content=\"https:\/\/www.rajjerbox.fr\/wp-content\/uploads\/2022\/04\/IMG_0125-rotated-e1656411967679.jpg\" \/>\n\t<meta property=\"og:image:width\" content=\"999\" \/>\n\t<meta property=\"og:image:height\" content=\"999\" \/>\n\t<meta property=\"og:image:type\" content=\"image\/jpeg\" \/>\n<meta name=\"twitter:card\" content=\"summary_large_image\" \/>\n<meta name=\"twitter:label1\" content=\"Dur\u00e9e de lecture estim\u00e9e\" \/>\n\t<meta name=\"twitter:data1\" content=\"1 minute\" \/>\n<script type=\"application\/ld+json\" class=\"yoast-schema-graph\">{\"@context\":\"https:\\\/\\\/schema.org\",\"@graph\":[{\"@type\":\"WebPage\",\"@id\":\"https:\\\/\\\/www.rajjerbox.fr\\\/index.php\\\/produit\\\/cuivre33inox\\\/\",\"url\":\"https:\\\/\\\/www.rajjerbox.fr\\\/index.php\\\/produit\\\/cuivre33inox\\\/\",\"name\":\"Cuivre33inox - Rajjerbox\",\"isPartOf\":{\"@id\":\"https:\\\/\\\/www.rajjerbox.com\\\/#website\"},\"primaryImageOfPage\":{\"@id\":\"https:\\\/\\\/www.rajjerbox.fr\\\/index.php\\\/produit\\\/cuivre33inox\\\/#primaryimage\"},\"image\":{\"@id\":\"https:\\\/\\\/www.rajjerbox.fr\\\/index.php\\\/produit\\\/cuivre33inox\\\/#primaryimage\"},\"thumbnailUrl\":\"https:\\\/\\\/www.rajjerbox.fr\\\/wp-content\\\/uploads\\\/2022\\\/04\\\/IMG_0125-rotated-e1656411967679.jpg\",\"datePublished\":\"2023-01-19T11:29:17+00:00\",\"dateModified\":\"2025-09-25T21:47:01+00:00\",\"description\":\"Goutti\u00e8re cuivre, \u00e9clairage, accessoire, connect\u00e9, Yokis, smartphone, architectural, patrimoine, propri\u00e9t\u00e9, design, fa\u00e7ade, blanc chaud, 3000K, qualit\u00e9\",\"breadcrumb\":{\"@id\":\"https:\\\/\\\/www.rajjerbox.fr\\\/index.php\\\/produit\\\/cuivre33inox\\\/#breadcrumb\"},\"inLanguage\":\"fr-FR\",\"potentialAction\":[{\"@type\":\"ReadAction\",\"target\":[\"https:\\\/\\\/www.rajjerbox.fr\\\/index.php\\\/produit\\\/cuivre33inox\\\/\"]}]},{\"@type\":\"ImageObject\",\"inLanguage\":\"fr-FR\",\"@id\":\"https:\\\/\\\/www.rajjerbox.fr\\\/index.php\\\/produit\\\/cuivre33inox\\\/#primaryimage\",\"url\":\"https:\\\/\\\/www.rajjerbox.fr\\\/wp-content\\\/uploads\\\/2022\\\/04\\\/IMG_0125-rotated-e1656411967679.jpg\",\"contentUrl\":\"https:\\\/\\\/www.rajjerbox.fr\\\/wp-content\\\/uploads\\\/2022\\\/04\\\/IMG_0125-rotated-e1656411967679.jpg\",\"width\":999,\"height\":999},{\"@type\":\"BreadcrumbList\",\"@id\":\"https:\\\/\\\/www.rajjerbox.fr\\\/index.php\\\/produit\\\/cuivre33inox\\\/#breadcrumb\",\"itemListElement\":[{\"@type\":\"ListItem\",\"position\":1,\"name\":\"Accueil\",\"item\":\"https:\\\/\\\/www.rajjerbox.fr\\\/\"},{\"@type\":\"ListItem\",\"position\":2,\"name\":\"Boutique\",\"item\":\"https:\\\/\\\/www.rajjerbox.fr\\\/index.php\\\/boutique\\\/\"},{\"@type\":\"ListItem\",\"position\":3,\"name\":\"Cuivre33inox\"}]},{\"@type\":\"WebSite\",\"@id\":\"https:\\\/\\\/www.rajjerbox.com\\\/#website\",\"url\":\"https:\\\/\\\/www.rajjerbox.com\\\/\",\"name\":\"Rajjerbox\",\"description\":\"L&#039;\u00e9clairage de qualit\u00e9\",\"publisher\":{\"@id\":\"https:\\\/\\\/www.rajjerbox.com\\\/#organization\"},\"potentialAction\":[{\"@type\":\"SearchAction\",\"target\":{\"@type\":\"EntryPoint\",\"urlTemplate\":\"https:\\\/\\\/www.rajjerbox.com\\\/?s={search_term_string}\"},\"query-input\":{\"@type\":\"PropertyValueSpecification\",\"valueRequired\":true,\"valueName\":\"search_term_string\"}}],\"inLanguage\":\"fr-FR\"},{\"@type\":\"Organization\",\"@id\":\"https:\\\/\\\/www.rajjerbox.com\\\/#organization\",\"name\":\"Rajjerbox\",\"url\":\"https:\\\/\\\/www.rajjerbox.com\\\/\",\"logo\":{\"@type\":\"ImageObject\",\"inLanguage\":\"fr-FR\",\"@id\":\"https:\\\/\\\/www.rajjerbox.com\\\/#\\\/schema\\\/logo\\\/image\\\/\",\"url\":\"https:\\\/\\\/www.rajjerbox.com\\\/wp-content\\\/uploads\\\/2021\\\/10\\\/Logo-rajjerbox-eclairage-02.png\",\"contentUrl\":\"https:\\\/\\\/www.rajjerbox.com\\\/wp-content\\\/uploads\\\/2021\\\/10\\\/Logo-rajjerbox-eclairage-02.png\",\"width\":592,\"height\":592,\"caption\":\"Rajjerbox\"},\"image\":{\"@id\":\"https:\\\/\\\/www.rajjerbox.com\\\/#\\\/schema\\\/logo\\\/image\\\/\"},\"sameAs\":[\"https:\\\/\\\/www.facebook.com\\\/rajjerbox\\\/\",\"https:\\\/\\\/www.instagram.com\\\/rajjerbox\\\/?hl=fr\"]}]}<\/script>\n<!-- \/ Yoast SEO plugin. -->","yoast_head_json":{"title":"Cuivre33inox - Rajjerbox","description":"Goutti\u00e8re cuivre, \u00e9clairage, accessoire, connect\u00e9, Yokis, smartphone, architectural, patrimoine, propri\u00e9t\u00e9, design, fa\u00e7ade, blanc chaud, 3000K, qualit\u00e9","robots":{"index":"index","follow":"follow","max-snippet":"max-snippet:-1","max-image-preview":"max-image-preview:large","max-video-preview":"max-video-preview:-1"},"canonical":"https:\/\/www.rajjerbox.fr\/index.php\/produit\/cuivre33inox\/","og_locale":"fr_FR","og_type":"article","og_title":"Cuivre33inox - Rajjerbox","og_description":"Goutti\u00e8re cuivre, \u00e9clairage, accessoire, connect\u00e9, Yokis, smartphone, architectural, patrimoine, propri\u00e9t\u00e9, design, fa\u00e7ade, blanc chaud, 3000K, qualit\u00e9","og_url":"https:\/\/www.rajjerbox.fr\/index.php\/produit\/cuivre33inox\/","og_site_name":"Rajjerbox","article_publisher":"https:\/\/www.facebook.com\/rajjerbox\/","article_modified_time":"2025-09-25T21:47:01+00:00","og_image":[{"width":999,"height":999,"url":"https:\/\/www.rajjerbox.fr\/wp-content\/uploads\/2022\/04\/IMG_0125-rotated-e1656411967679.jpg","type":"image\/jpeg"}],"twitter_card":"summary_large_image","twitter_misc":{"Dur\u00e9e de lecture estim\u00e9e":"1 minute"},"schema":{"@context":"https:\/\/schema.org","@graph":[{"@type":"WebPage","@id":"https:\/\/www.rajjerbox.fr\/index.php\/produit\/cuivre33inox\/","url":"https:\/\/www.rajjerbox.fr\/index.php\/produit\/cuivre33inox\/","name":"Cuivre33inox - Rajjerbox","isPartOf":{"@id":"https:\/\/www.rajjerbox.com\/#website"},"primaryImageOfPage":{"@id":"https:\/\/www.rajjerbox.fr\/index.php\/produit\/cuivre33inox\/#primaryimage"},"image":{"@id":"https:\/\/www.rajjerbox.fr\/index.php\/produit\/cuivre33inox\/#primaryimage"},"thumbnailUrl":"https:\/\/www.rajjerbox.fr\/wp-content\/uploads\/2022\/04\/IMG_0125-rotated-e1656411967679.jpg","datePublished":"2023-01-19T11:29:17+00:00","dateModified":"2025-09-25T21:47:01+00:00","description":"Goutti\u00e8re cuivre, \u00e9clairage, accessoire, connect\u00e9, Yokis, smartphone, architectural, patrimoine, propri\u00e9t\u00e9, design, fa\u00e7ade, blanc chaud, 3000K, qualit\u00e9","breadcrumb":{"@id":"https:\/\/www.rajjerbox.fr\/index.php\/produit\/cuivre33inox\/#breadcrumb"},"inLanguage":"fr-FR","potentialAction":[{"@type":"ReadAction","target":["https:\/\/www.rajjerbox.fr\/index.php\/produit\/cuivre33inox\/"]}]},{"@type":"ImageObject","inLanguage":"fr-FR","@id":"https:\/\/www.rajjerbox.fr\/index.php\/produit\/cuivre33inox\/#primaryimage","url":"https:\/\/www.rajjerbox.fr\/wp-content\/uploads\/2022\/04\/IMG_0125-rotated-e1656411967679.jpg","contentUrl":"https:\/\/www.rajjerbox.fr\/wp-content\/uploads\/2022\/04\/IMG_0125-rotated-e1656411967679.jpg","width":999,"height":999},{"@type":"BreadcrumbList","@id":"https:\/\/www.rajjerbox.fr\/index.php\/produit\/cuivre33inox\/#breadcrumb","itemListElement":[{"@type":"ListItem","position":1,"name":"Accueil","item":"https:\/\/www.rajjerbox.fr\/"},{"@type":"ListItem","position":2,"name":"Boutique","item":"https:\/\/www.rajjerbox.fr\/index.php\/boutique\/"},{"@type":"ListItem","position":3,"name":"Cuivre33inox"}]},{"@type":"WebSite","@id":"https:\/\/www.rajjerbox.com\/#website","url":"https:\/\/www.rajjerbox.com\/","name":"Rajjerbox","description":"L&#039;\u00e9clairage de qualit\u00e9","publisher":{"@id":"https:\/\/www.rajjerbox.com\/#organization"},"potentialAction":[{"@type":"SearchAction","target":{"@type":"EntryPoint","urlTemplate":"https:\/\/www.rajjerbox.com\/?s={search_term_string}"},"query-input":{"@type":"PropertyValueSpecification","valueRequired":true,"valueName":"search_term_string"}}],"inLanguage":"fr-FR"},{"@type":"Organization","@id":"https:\/\/www.rajjerbox.com\/#organization","name":"Rajjerbox","url":"https:\/\/www.rajjerbox.com\/","logo":{"@type":"ImageObject","inLanguage":"fr-FR","@id":"https:\/\/www.rajjerbox.com\/#\/schema\/logo\/image\/","url":"https:\/\/www.rajjerbox.com\/wp-content\/uploads\/2021\/10\/Logo-rajjerbox-eclairage-02.png","contentUrl":"https:\/\/www.rajjerbox.com\/wp-content\/uploads\/2021\/10\/Logo-rajjerbox-eclairage-02.png","width":592,"height":592,"caption":"Rajjerbox"},"image":{"@id":"https:\/\/www.rajjerbox.com\/#\/schema\/logo\/image\/"},"sameAs":["https:\/\/www.facebook.com\/rajjerbox\/","https:\/\/www.instagram.com\/rajjerbox\/?hl=fr"]}]}},"_links":{"self":[{"href":"https:\/\/www.rajjerbox.fr\/index.php\/wp-json\/wp\/v2\/product\/34305","targetHints":{"allow":["GET"]}}],"collection":[{"href":"https:\/\/www.rajjerbox.fr\/index.php\/wp-json\/wp\/v2\/product"}],"about":[{"href":"https:\/\/www.rajjerbox.fr\/index.php\/wp-json\/wp\/v2\/types\/product"}],"replies":[{"embeddable":true,"href":"https:\/\/www.rajjerbox.fr\/index.php\/wp-json\/wp\/v2\/comments?post=34305"}],"wp:featuredmedia":[{"embeddable":true,"href":"https:\/\/www.rajjerbox.fr\/index.php\/wp-json\/wp\/v2\/media\/34056"}],"wp:attachment":[{"href":"https:\/\/www.rajjerbox.fr\/index.php\/wp-json\/wp\/v2\/media?parent=34305"}],"wp:term":[{"taxonomy":"product_brand","embeddable":true,"href":"https:\/\/www.rajjerbox.fr\/index.php\/wp-json\/wp\/v2\/product_brand?post=34305"},{"taxonomy":"product_cat","embeddable":true,"href":"https:\/\/www.rajjerbox.fr\/index.php\/wp-json\/wp\/v2\/product_cat?post=34305"},{"taxonomy":"product_tag","embeddable":true,"href":"https:\/\/www.rajjerbox.fr\/index.php\/wp-json\/wp\/v2\/product_tag?post=34305"}],"curies":[{"name":"wp","href":"https:\/\/api.w.org\/{rel}","templated":true}]}}