{"id":34449,"date":"2023-07-03T12:34:01","date_gmt":"2023-07-03T10:34:01","guid":{"rendered":"https:\/\/www.rajjerbox.fr\/?post_type=product&#038;p=34449"},"modified":"2025-01-14T06:42:34","modified_gmt":"2025-01-14T05:42:34","slug":"3lunes-sur-fenetre-de-toit-eclairage-sur-lucarne","status":"publish","type":"product","link":"https:\/\/www.rajjerbox.fr\/index.php\/produit\/3lunes-sur-fenetre-de-toit-eclairage-sur-lucarne\/","title":{"rendered":"3LUNES"},"content":{"rendered":"<p>&nbsp;<\/p>\n<p>3LUNES : Luminaire 2 w 20 degr\u00e9s, 3000 k blanc chaud IP65 aluminium gris anthracite. Se positionne \u00e0 l&#8217;ext\u00e9rieur en partie haute de la fen\u00eatre de toit (mod\u00e8le 66 cm de bord \u00e0 bord ext\u00e9rieur). Chargement en journ\u00e9e, se d\u00e9charge \u00e0 travers la vitre au cr\u00e9puscule. Efficace de 2 m\u00e8tres de hauteur \u00e0 5 m\u00e8tres. 200 lumens, 54 lux au m2. Le luminaire ne g\u00eane pas l&#8217;entr\u00e9e de lumi\u00e8re par le soleil (il repr\u00e9sente 10 cm2). En aluminium 7016, r\u00e9sistant aux UV et intemp\u00e9ries.\u00a0https:\/\/www.laluna.fr\/fr,\u00a0https:\/\/www.roto-fenetres-de-toit.fr\/https:\/\/www.velux.fr<\/p>\n","protected":false},"excerpt":{"rendered":"<p>&nbsp; 3LUNES : Luminaire 2 w 20 degr\u00e9s, 3000 k blanc chaud IP65 aluminium gris anthracite. Se positionne \u00e0 l&#8217;ext\u00e9rieur en partie haute de la fen\u00eatre de toit (mod\u00e8le 66 cm de bord \u00e0 bord ext\u00e9rieur). Chargement en journ\u00e9e, se d\u00e9charge \u00e0 travers la vitre au cr\u00e9puscule. Efficace de 2 m\u00e8tres de hauteur \u00e0 5 [&hellip;]<\/p>\n","protected":false},"featured_media":34432,"comment_status":"open","ping_status":"closed","template":"","meta":[],"product_brand":[181],"product_cat":[189,170,194],"product_tag":[283],"class_list":{"0":"post-34449","1":"product","2":"type-product","3":"status-publish","4":"has-post-thumbnail","6":"product_brand-rajjerbox","7":"product_cat-aluminium","8":"product_cat-eclairage","9":"product_cat-solaire","10":"product_tag-luminaire-lucarne-2w65","13":"first","14":"instock","15":"shipping-taxable","16":"purchasable","17":"product-type-simple"},"yoast_head":"<!-- This site is optimized with the Yoast SEO plugin v27.3 - https:\/\/yoast.com\/product\/yoast-seo-wordpress\/ -->\n<title>3LUNES - Rajjerbox<\/title>\n<meta name=\"description\" content=\"luminaire ext\u00e9rieur solaire sur fen\u00eatres de toits, lucarne, skylight, \u00e9clairage de jardin,velux, moto, architectural, \u00e9conomie d&#039;\u00e9nergie fabriqu\u00e9 en France\" \/>\n<meta name=\"robots\" content=\"index, follow, max-snippet:-1, max-image-preview:large, max-video-preview:-1\" \/>\n<link rel=\"canonical\" href=\"https:\/\/www.rajjerbox.fr\/index.php\/produit\/3lunes-sur-fenetre-de-toit-eclairage-sur-lucarne\/\" \/>\n<meta property=\"og:locale\" content=\"fr_FR\" \/>\n<meta property=\"og:type\" content=\"article\" \/>\n<meta property=\"og:title\" content=\"Rajjerbox-3LUNES\" \/>\n<meta property=\"og:description\" content=\"Luminaire sur fen\u00eatre de toit, solaire. Se place dessus la fen\u00eatre, se charge la journ\u00e9e et \u00e9claire \u00e0 travers la vitre au cr\u00e9puscule...\" \/>\n<meta property=\"og:url\" content=\"https:\/\/www.rajjerbox.fr\/index.php\/produit\/3lunes-sur-fenetre-de-toit-eclairage-sur-lucarne\/\" \/>\n<meta property=\"og:site_name\" content=\"Rajjerbox\" \/>\n<meta property=\"article:publisher\" content=\"https:\/\/www.facebook.com\/rajjerbox\/\" \/>\n<meta property=\"article:modified_time\" content=\"2025-01-14T05:42:34+00:00\" \/>\n<meta property=\"og:image\" content=\"https:\/\/www.rajjerbox.fr\/wp-content\/uploads\/2023\/07\/IMG_6603.jpg\" \/>\n\t<meta property=\"og:image:width\" content=\"480\" \/>\n\t<meta property=\"og:image:height\" content=\"640\" \/>\n\t<meta property=\"og:image:type\" content=\"image\/jpeg\" \/>\n<meta name=\"twitter:card\" content=\"summary_large_image\" \/>\n<meta name=\"twitter:label1\" content=\"Dur\u00e9e de lecture estim\u00e9e\" \/>\n\t<meta name=\"twitter:data1\" content=\"1 minute\" \/>\n<script type=\"application\/ld+json\" class=\"yoast-schema-graph\">{\"@context\":\"https:\\\/\\\/schema.org\",\"@graph\":[{\"@type\":\"WebPage\",\"@id\":\"https:\\\/\\\/www.rajjerbox.fr\\\/index.php\\\/produit\\\/3lunes-sur-fenetre-de-toit-eclairage-sur-lucarne\\\/\",\"url\":\"https:\\\/\\\/www.rajjerbox.fr\\\/index.php\\\/produit\\\/3lunes-sur-fenetre-de-toit-eclairage-sur-lucarne\\\/\",\"name\":\"3LUNES - Rajjerbox\",\"isPartOf\":{\"@id\":\"https:\\\/\\\/www.rajjerbox.com\\\/#website\"},\"primaryImageOfPage\":{\"@id\":\"https:\\\/\\\/www.rajjerbox.fr\\\/index.php\\\/produit\\\/3lunes-sur-fenetre-de-toit-eclairage-sur-lucarne\\\/#primaryimage\"},\"image\":{\"@id\":\"https:\\\/\\\/www.rajjerbox.fr\\\/index.php\\\/produit\\\/3lunes-sur-fenetre-de-toit-eclairage-sur-lucarne\\\/#primaryimage\"},\"thumbnailUrl\":\"https:\\\/\\\/www.rajjerbox.fr\\\/wp-content\\\/uploads\\\/2023\\\/07\\\/IMG_6603.jpg\",\"datePublished\":\"2023-07-03T10:34:01+00:00\",\"dateModified\":\"2025-01-14T05:42:34+00:00\",\"description\":\"luminaire ext\u00e9rieur solaire sur fen\u00eatres de toits, lucarne, skylight, \u00e9clairage de jardin,velux, moto, architectural, \u00e9conomie d'\u00e9nergie fabriqu\u00e9 en France\",\"breadcrumb\":{\"@id\":\"https:\\\/\\\/www.rajjerbox.fr\\\/index.php\\\/produit\\\/3lunes-sur-fenetre-de-toit-eclairage-sur-lucarne\\\/#breadcrumb\"},\"inLanguage\":\"fr-FR\",\"potentialAction\":[{\"@type\":\"ReadAction\",\"target\":[\"https:\\\/\\\/www.rajjerbox.fr\\\/index.php\\\/produit\\\/3lunes-sur-fenetre-de-toit-eclairage-sur-lucarne\\\/\"]}]},{\"@type\":\"ImageObject\",\"inLanguage\":\"fr-FR\",\"@id\":\"https:\\\/\\\/www.rajjerbox.fr\\\/index.php\\\/produit\\\/3lunes-sur-fenetre-de-toit-eclairage-sur-lucarne\\\/#primaryimage\",\"url\":\"https:\\\/\\\/www.rajjerbox.fr\\\/wp-content\\\/uploads\\\/2023\\\/07\\\/IMG_6603.jpg\",\"contentUrl\":\"https:\\\/\\\/www.rajjerbox.fr\\\/wp-content\\\/uploads\\\/2023\\\/07\\\/IMG_6603.jpg\",\"width\":480,\"height\":640},{\"@type\":\"BreadcrumbList\",\"@id\":\"https:\\\/\\\/www.rajjerbox.fr\\\/index.php\\\/produit\\\/3lunes-sur-fenetre-de-toit-eclairage-sur-lucarne\\\/#breadcrumb\",\"itemListElement\":[{\"@type\":\"ListItem\",\"position\":1,\"name\":\"Accueil\",\"item\":\"https:\\\/\\\/www.rajjerbox.fr\\\/\"},{\"@type\":\"ListItem\",\"position\":2,\"name\":\"Boutique\",\"item\":\"https:\\\/\\\/www.rajjerbox.fr\\\/index.php\\\/boutique\\\/\"},{\"@type\":\"ListItem\",\"position\":3,\"name\":\"3LUNES\"}]},{\"@type\":\"WebSite\",\"@id\":\"https:\\\/\\\/www.rajjerbox.com\\\/#website\",\"url\":\"https:\\\/\\\/www.rajjerbox.com\\\/\",\"name\":\"Rajjerbox\",\"description\":\"L&#039;\u00e9clairage de qualit\u00e9\",\"publisher\":{\"@id\":\"https:\\\/\\\/www.rajjerbox.com\\\/#organization\"},\"potentialAction\":[{\"@type\":\"SearchAction\",\"target\":{\"@type\":\"EntryPoint\",\"urlTemplate\":\"https:\\\/\\\/www.rajjerbox.com\\\/?s={search_term_string}\"},\"query-input\":{\"@type\":\"PropertyValueSpecification\",\"valueRequired\":true,\"valueName\":\"search_term_string\"}}],\"inLanguage\":\"fr-FR\"},{\"@type\":\"Organization\",\"@id\":\"https:\\\/\\\/www.rajjerbox.com\\\/#organization\",\"name\":\"Rajjerbox\",\"url\":\"https:\\\/\\\/www.rajjerbox.com\\\/\",\"logo\":{\"@type\":\"ImageObject\",\"inLanguage\":\"fr-FR\",\"@id\":\"https:\\\/\\\/www.rajjerbox.com\\\/#\\\/schema\\\/logo\\\/image\\\/\",\"url\":\"https:\\\/\\\/www.rajjerbox.com\\\/wp-content\\\/uploads\\\/2021\\\/10\\\/Logo-rajjerbox-eclairage-02.png\",\"contentUrl\":\"https:\\\/\\\/www.rajjerbox.com\\\/wp-content\\\/uploads\\\/2021\\\/10\\\/Logo-rajjerbox-eclairage-02.png\",\"width\":592,\"height\":592,\"caption\":\"Rajjerbox\"},\"image\":{\"@id\":\"https:\\\/\\\/www.rajjerbox.com\\\/#\\\/schema\\\/logo\\\/image\\\/\"},\"sameAs\":[\"https:\\\/\\\/www.facebook.com\\\/rajjerbox\\\/\",\"https:\\\/\\\/www.instagram.com\\\/rajjerbox\\\/?hl=fr\"]}]}<\/script>\n<!-- \/ Yoast SEO plugin. -->","yoast_head_json":{"title":"3LUNES - Rajjerbox","description":"luminaire ext\u00e9rieur solaire sur fen\u00eatres de toits, lucarne, skylight, \u00e9clairage de jardin,velux, moto, architectural, \u00e9conomie d'\u00e9nergie fabriqu\u00e9 en France","robots":{"index":"index","follow":"follow","max-snippet":"max-snippet:-1","max-image-preview":"max-image-preview:large","max-video-preview":"max-video-preview:-1"},"canonical":"https:\/\/www.rajjerbox.fr\/index.php\/produit\/3lunes-sur-fenetre-de-toit-eclairage-sur-lucarne\/","og_locale":"fr_FR","og_type":"article","og_title":"Rajjerbox-3LUNES","og_description":"Luminaire sur fen\u00eatre de toit, solaire. Se place dessus la fen\u00eatre, se charge la journ\u00e9e et \u00e9claire \u00e0 travers la vitre au cr\u00e9puscule...","og_url":"https:\/\/www.rajjerbox.fr\/index.php\/produit\/3lunes-sur-fenetre-de-toit-eclairage-sur-lucarne\/","og_site_name":"Rajjerbox","article_publisher":"https:\/\/www.facebook.com\/rajjerbox\/","article_modified_time":"2025-01-14T05:42:34+00:00","og_image":[{"width":480,"height":640,"url":"https:\/\/www.rajjerbox.fr\/wp-content\/uploads\/2023\/07\/IMG_6603.jpg","type":"image\/jpeg"}],"twitter_card":"summary_large_image","twitter_misc":{"Dur\u00e9e de lecture estim\u00e9e":"1 minute"},"schema":{"@context":"https:\/\/schema.org","@graph":[{"@type":"WebPage","@id":"https:\/\/www.rajjerbox.fr\/index.php\/produit\/3lunes-sur-fenetre-de-toit-eclairage-sur-lucarne\/","url":"https:\/\/www.rajjerbox.fr\/index.php\/produit\/3lunes-sur-fenetre-de-toit-eclairage-sur-lucarne\/","name":"3LUNES - Rajjerbox","isPartOf":{"@id":"https:\/\/www.rajjerbox.com\/#website"},"primaryImageOfPage":{"@id":"https:\/\/www.rajjerbox.fr\/index.php\/produit\/3lunes-sur-fenetre-de-toit-eclairage-sur-lucarne\/#primaryimage"},"image":{"@id":"https:\/\/www.rajjerbox.fr\/index.php\/produit\/3lunes-sur-fenetre-de-toit-eclairage-sur-lucarne\/#primaryimage"},"thumbnailUrl":"https:\/\/www.rajjerbox.fr\/wp-content\/uploads\/2023\/07\/IMG_6603.jpg","datePublished":"2023-07-03T10:34:01+00:00","dateModified":"2025-01-14T05:42:34+00:00","description":"luminaire ext\u00e9rieur solaire sur fen\u00eatres de toits, lucarne, skylight, \u00e9clairage de jardin,velux, moto, architectural, \u00e9conomie d'\u00e9nergie fabriqu\u00e9 en France","breadcrumb":{"@id":"https:\/\/www.rajjerbox.fr\/index.php\/produit\/3lunes-sur-fenetre-de-toit-eclairage-sur-lucarne\/#breadcrumb"},"inLanguage":"fr-FR","potentialAction":[{"@type":"ReadAction","target":["https:\/\/www.rajjerbox.fr\/index.php\/produit\/3lunes-sur-fenetre-de-toit-eclairage-sur-lucarne\/"]}]},{"@type":"ImageObject","inLanguage":"fr-FR","@id":"https:\/\/www.rajjerbox.fr\/index.php\/produit\/3lunes-sur-fenetre-de-toit-eclairage-sur-lucarne\/#primaryimage","url":"https:\/\/www.rajjerbox.fr\/wp-content\/uploads\/2023\/07\/IMG_6603.jpg","contentUrl":"https:\/\/www.rajjerbox.fr\/wp-content\/uploads\/2023\/07\/IMG_6603.jpg","width":480,"height":640},{"@type":"BreadcrumbList","@id":"https:\/\/www.rajjerbox.fr\/index.php\/produit\/3lunes-sur-fenetre-de-toit-eclairage-sur-lucarne\/#breadcrumb","itemListElement":[{"@type":"ListItem","position":1,"name":"Accueil","item":"https:\/\/www.rajjerbox.fr\/"},{"@type":"ListItem","position":2,"name":"Boutique","item":"https:\/\/www.rajjerbox.fr\/index.php\/boutique\/"},{"@type":"ListItem","position":3,"name":"3LUNES"}]},{"@type":"WebSite","@id":"https:\/\/www.rajjerbox.com\/#website","url":"https:\/\/www.rajjerbox.com\/","name":"Rajjerbox","description":"L&#039;\u00e9clairage de qualit\u00e9","publisher":{"@id":"https:\/\/www.rajjerbox.com\/#organization"},"potentialAction":[{"@type":"SearchAction","target":{"@type":"EntryPoint","urlTemplate":"https:\/\/www.rajjerbox.com\/?s={search_term_string}"},"query-input":{"@type":"PropertyValueSpecification","valueRequired":true,"valueName":"search_term_string"}}],"inLanguage":"fr-FR"},{"@type":"Organization","@id":"https:\/\/www.rajjerbox.com\/#organization","name":"Rajjerbox","url":"https:\/\/www.rajjerbox.com\/","logo":{"@type":"ImageObject","inLanguage":"fr-FR","@id":"https:\/\/www.rajjerbox.com\/#\/schema\/logo\/image\/","url":"https:\/\/www.rajjerbox.com\/wp-content\/uploads\/2021\/10\/Logo-rajjerbox-eclairage-02.png","contentUrl":"https:\/\/www.rajjerbox.com\/wp-content\/uploads\/2021\/10\/Logo-rajjerbox-eclairage-02.png","width":592,"height":592,"caption":"Rajjerbox"},"image":{"@id":"https:\/\/www.rajjerbox.com\/#\/schema\/logo\/image\/"},"sameAs":["https:\/\/www.facebook.com\/rajjerbox\/","https:\/\/www.instagram.com\/rajjerbox\/?hl=fr"]}]}},"_links":{"self":[{"href":"https:\/\/www.rajjerbox.fr\/index.php\/wp-json\/wp\/v2\/product\/34449","targetHints":{"allow":["GET"]}}],"collection":[{"href":"https:\/\/www.rajjerbox.fr\/index.php\/wp-json\/wp\/v2\/product"}],"about":[{"href":"https:\/\/www.rajjerbox.fr\/index.php\/wp-json\/wp\/v2\/types\/product"}],"replies":[{"embeddable":true,"href":"https:\/\/www.rajjerbox.fr\/index.php\/wp-json\/wp\/v2\/comments?post=34449"}],"wp:featuredmedia":[{"embeddable":true,"href":"https:\/\/www.rajjerbox.fr\/index.php\/wp-json\/wp\/v2\/media\/34432"}],"wp:attachment":[{"href":"https:\/\/www.rajjerbox.fr\/index.php\/wp-json\/wp\/v2\/media?parent=34449"}],"wp:term":[{"taxonomy":"product_brand","embeddable":true,"href":"https:\/\/www.rajjerbox.fr\/index.php\/wp-json\/wp\/v2\/product_brand?post=34449"},{"taxonomy":"product_cat","embeddable":true,"href":"https:\/\/www.rajjerbox.fr\/index.php\/wp-json\/wp\/v2\/product_cat?post=34449"},{"taxonomy":"product_tag","embeddable":true,"href":"https:\/\/www.rajjerbox.fr\/index.php\/wp-json\/wp\/v2\/product_tag?post=34449"}],"curies":[{"name":"wp","href":"https:\/\/api.w.org\/{rel}","templated":true}]}}